{"id":9011,"date":"2025-01-18T19:29:03","date_gmt":"2025-01-18T19:29:03","guid":{"rendered":"https:\/\/www.aksarunflat.com.tr\/?page_id=9011"},"modified":"2025-01-18T19:35:36","modified_gmt":"2025-01-18T19:35:36","slug":"references","status":"publish","type":"page","link":"https:\/\/www.aksarunflat.com.tr\/en\/references\/","title":{"rendered":"References"},"content":{"rendered":"<div data-elementor-type=\"wp-page\" data-elementor-id=\"9011\" class=\"elementor elementor-9011\">\n\t\t\t\t\t\t<section class=\"elementor-section elementor-top-section elementor-element elementor-element-d3a6f26 elementor-section-full_width qodef-elementor-content-grid elementor-section-height-default elementor-section-height-default\" data-id=\"d3a6f26\" data-element_type=\"section\" data-e-type=\"section\">\n\t\t\t\t\t\t<div class=\"elementor-container elementor-column-gap-default\">\n\t\t\t\t\t<div class=\"elementor-column elementor-col-100 elementor-top-column elementor-element elementor-element-8ebd7b9\" data-id=\"8ebd7b9\" data-element_type=\"column\" data-e-type=\"column\">\n\t\t\t<div class=\"elementor-widget-wrap elementor-element-populated\">\n\t\t\t\t\t\t<div class=\"elementor-element elementor-element-aac7bae elementor-widget elementor-widget-qi_addons_for_elementor_clients_list\" data-id=\"aac7bae\" data-element_type=\"widget\" data-e-type=\"widget\" data-widget_type=\"qi_addons_for_elementor_clients_list.default\">\n\t\t\t\t<div class=\"elementor-widget-container\">\n\t\t\t\t\t<div class=\"qodef-shortcode qodef-m qodef-qi-clients-list qodef-border--no qodef--hover-scale qodef-qi-grid qodef-layout--qi-columns qodef-col-num--3 qodef-responsive--predefined\">\n\t<div class=\"qodef-grid-inner\">\n\t\t<div class=\"qodef-e qodef-grid-item\">\n\t<div class=\"qodef-e-inner\">\n\t\t\t\t<div class=\"qodef-e-images-holder\">\n\t\t\t\t\t\t\t<div class=\"qodef-e-main-image\">\n\t\t\t\t\t<img decoding=\"async\" width=\"304\" height=\"150\" src=\"https:\/\/www.aksarunflat.com.tr\/wp-content\/uploads\/2024\/11\/1546029595_emniyet.jpg\" class=\"attachment-full size-full\" alt=\"\" srcset=\"https:\/\/www.aksarunflat.com.tr\/wp-content\/uploads\/2024\/11\/1546029595_emniyet.jpg 304w, https:\/\/www.aksarunflat.com.tr\/wp-content\/uploads\/2024\/11\/1546029595_emniyet-300x148.jpg 300w\" sizes=\"(max-width: 304px) 100vw, 304px\" \/>\t\t\t\t<\/div>\n\t\t\t\t\t\t\t\t<\/div>\n\t\t\t\t\t<h5 class=\"qodef-e-title\">\n\t\t\tTurkish National Police \t\t<\/h5>\n\t\t\t\t\t<\/div>\n<\/div>\n<div class=\"qodef-e qodef-grid-item\">\n\t<div class=\"qodef-e-inner\">\n\t\t\t\t<div class=\"qodef-e-images-holder\">\n\t\t\t\t\t\t\t<div class=\"qodef-e-main-image\">\n\t\t\t\t\t<img decoding=\"async\" width=\"304\" height=\"150\" src=\"https:\/\/www.aksarunflat.com.tr\/wp-content\/uploads\/2024\/11\/1546029642_jandarma.jpg\" class=\"attachment-full size-full\" alt=\"\" srcset=\"https:\/\/www.aksarunflat.com.tr\/wp-content\/uploads\/2024\/11\/1546029642_jandarma.jpg 304w, https:\/\/www.aksarunflat.com.tr\/wp-content\/uploads\/2024\/11\/1546029642_jandarma-300x148.jpg 300w\" sizes=\"(max-width: 304px) 100vw, 304px\" \/>\t\t\t\t<\/div>\n\t\t\t\t\t\t\t\t<\/div>\n\t\t\t\t\t<h5 class=\"qodef-e-title\">\n\t\t\tGENERAL COMMAND OF GENDARMA\t\t<\/h5>\n\t\t\t\t\t<\/div>\n<\/div>\n<div class=\"qodef-e qodef-grid-item\">\n\t<div class=\"qodef-e-inner\">\n\t\t\t\t<div class=\"qodef-e-images-holder\">\n\t\t\t\t\t\t\t<div class=\"qodef-e-main-image\">\n\t\t\t\t\t<img decoding=\"async\" width=\"304\" height=\"150\" src=\"https:\/\/www.aksarunflat.com.tr\/wp-content\/uploads\/2024\/11\/1546029563_bmc.jpg\" class=\"attachment-full size-full\" alt=\"\" srcset=\"https:\/\/www.aksarunflat.com.tr\/wp-content\/uploads\/2024\/11\/1546029563_bmc.jpg 304w, https:\/\/www.aksarunflat.com.tr\/wp-content\/uploads\/2024\/11\/1546029563_bmc-300x148.jpg 300w\" sizes=\"(max-width: 304px) 100vw, 304px\" \/>\t\t\t\t<\/div>\n\t\t\t\t\t\t\t\t<\/div>\n\t\t\t\t\t<h5 class=\"qodef-e-title\">\n\t\t\tBMC\t\t<\/h5>\n\t\t\t\t\t<\/div>\n<\/div>\n<div class=\"qodef-e qodef-grid-item\">\n\t<div class=\"qodef-e-inner\">\n\t\t\t\t<div class=\"qodef-e-images-holder\">\n\t\t\t\t\t\t\t<div class=\"qodef-e-main-image\">\n\t\t\t\t\t<img loading=\"lazy\" decoding=\"async\" width=\"304\" height=\"150\" src=\"https:\/\/www.aksarunflat.com.tr\/wp-content\/uploads\/2024\/11\/1546029544_best-grup.jpg\" class=\"attachment-full size-full\" alt=\"\" srcset=\"https:\/\/www.aksarunflat.com.tr\/wp-content\/uploads\/2024\/11\/1546029544_best-grup.jpg 304w, https:\/\/www.aksarunflat.com.tr\/wp-content\/uploads\/2024\/11\/1546029544_best-grup-300x148.jpg 300w\" sizes=\"(max-width: 304px) 100vw, 304px\" \/>\t\t\t\t<\/div>\n\t\t\t\t\t\t\t\t<\/div>\n\t\t\t\t\t<h5 class=\"qodef-e-title\">\n\t\t\tBest Group\t\t<\/h5>\n\t\t\t\t\t<\/div>\n<\/div>\n<div class=\"qodef-e qodef-grid-item\">\n\t<div class=\"qodef-e-inner\">\n\t\t\t\t<div class=\"qodef-e-images-holder\">\n\t\t\t\t\t\t\t<div class=\"qodef-e-main-image\">\n\t\t\t\t\t<img loading=\"lazy\" decoding=\"async\" width=\"304\" height=\"150\" src=\"https:\/\/www.aksarunflat.com.tr\/wp-content\/uploads\/2024\/11\/1546029464_ads.jpg\" class=\"attachment-full size-full\" alt=\"\" srcset=\"https:\/\/www.aksarunflat.com.tr\/wp-content\/uploads\/2024\/11\/1546029464_ads.jpg 304w, https:\/\/www.aksarunflat.com.tr\/wp-content\/uploads\/2024\/11\/1546029464_ads-300x148.jpg 300w\" sizes=\"(max-width: 304px) 100vw, 304px\" \/>\t\t\t\t<\/div>\n\t\t\t\t\t\t\t\t<\/div>\n\t\t\t\t\t<h5 class=\"qodef-e-title\">\n\t\t\tAdvanced Design Solution\t\t<\/h5>\n\t\t\t\t\t<\/div>\n<\/div>\n<div class=\"qodef-e qodef-grid-item\">\n\t<div class=\"qodef-e-inner\">\n\t\t\t\t<div class=\"qodef-e-images-holder\">\n\t\t\t\t\t\t\t<div class=\"qodef-e-main-image\">\n\t\t\t\t\t<img loading=\"lazy\" decoding=\"async\" width=\"304\" height=\"150\" src=\"https:\/\/www.aksarunflat.com.tr\/wp-content\/uploads\/2024\/11\/1546029620_isuzu.jpg\" class=\"attachment-full size-full\" alt=\"\" srcset=\"https:\/\/www.aksarunflat.com.tr\/wp-content\/uploads\/2024\/11\/1546029620_isuzu.jpg 304w, https:\/\/www.aksarunflat.com.tr\/wp-content\/uploads\/2024\/11\/1546029620_isuzu-300x148.jpg 300w\" sizes=\"(max-width: 304px) 100vw, 304px\" \/>\t\t\t\t<\/div>\n\t\t\t\t\t\t\t\t<\/div>\n\t\t\t\t\t<h5 class=\"qodef-e-title\">\n\t\t\tISUZU\t\t<\/h5>\n\t\t\t\t\t<\/div>\n<\/div>\n<div class=\"qodef-e qodef-grid-item\">\n\t<div class=\"qodef-e-inner\">\n\t\t\t\t<div class=\"qodef-e-images-holder\">\n\t\t\t\t\t\t\t<div class=\"qodef-e-main-image\">\n\t\t\t\t\t<img loading=\"lazy\" decoding=\"async\" width=\"304\" height=\"150\" src=\"https:\/\/www.aksarunflat.com.tr\/wp-content\/uploads\/2024\/11\/1546029609_fnss.jpg\" class=\"attachment-full size-full\" alt=\"\" srcset=\"https:\/\/www.aksarunflat.com.tr\/wp-content\/uploads\/2024\/11\/1546029609_fnss.jpg 304w, https:\/\/www.aksarunflat.com.tr\/wp-content\/uploads\/2024\/11\/1546029609_fnss-300x148.jpg 300w\" sizes=\"(max-width: 304px) 100vw, 304px\" \/>\t\t\t\t<\/div>\n\t\t\t\t\t\t\t\t<\/div>\n\t\t\t\t\t<h5 class=\"qodef-e-title\">\n\t\t\tFNSS\t\t<\/h5>\n\t\t\t\t\t<\/div>\n<\/div>\n<div class=\"qodef-e qodef-grid-item\">\n\t<div class=\"qodef-e-inner\">\n\t\t\t\t<div class=\"qodef-e-images-holder\">\n\t\t\t\t\t\t\t<div class=\"qodef-e-main-image\">\n\t\t\t\t\t<img loading=\"lazy\" decoding=\"async\" width=\"304\" height=\"150\" src=\"https:\/\/www.aksarunflat.com.tr\/wp-content\/uploads\/2024\/11\/2_kembara-suci.jpg\" class=\"attachment-full size-full\" alt=\"\" srcset=\"https:\/\/www.aksarunflat.com.tr\/wp-content\/uploads\/2024\/11\/2_kembara-suci.jpg 304w, https:\/\/www.aksarunflat.com.tr\/wp-content\/uploads\/2024\/11\/2_kembara-suci-300x148.jpg 300w\" sizes=\"(max-width: 304px) 100vw, 304px\" \/>\t\t\t\t<\/div>\n\t\t\t\t\t\t\t\t<\/div>\n\t\t\t\t\t<h5 class=\"qodef-e-title\">\n\t\t\tKEMBARA SUCI\t\t<\/h5>\n\t\t\t\t\t<\/div>\n<\/div>\n<div class=\"qodef-e qodef-grid-item\">\n\t<div class=\"qodef-e-inner\">\n\t\t\t\t<div class=\"qodef-e-images-holder\">\n\t\t\t\t\t\t\t<div class=\"qodef-e-main-image\">\n\t\t\t\t\t<img loading=\"lazy\" decoding=\"async\" width=\"304\" height=\"150\" src=\"https:\/\/www.aksarunflat.com.tr\/wp-content\/uploads\/2024\/11\/1-katmerciler.jpg\" class=\"attachment-full size-full\" alt=\"\" srcset=\"https:\/\/www.aksarunflat.com.tr\/wp-content\/uploads\/2024\/11\/1-katmerciler.jpg 304w, https:\/\/www.aksarunflat.com.tr\/wp-content\/uploads\/2024\/11\/1-katmerciler-300x148.jpg 300w\" sizes=\"(max-width: 304px) 100vw, 304px\" \/>\t\t\t\t<\/div>\n\t\t\t\t\t\t\t\t<\/div>\n\t\t\t\t\t<h5 class=\"qodef-e-title\">\n\t\t\tKATMERC\u0130LER\t\t<\/h5>\n\t\t\t\t\t<\/div>\n<\/div>\n<div class=\"qodef-e qodef-grid-item\">\n\t<div class=\"qodef-e-inner\">\n\t\t\t\t<div class=\"qodef-e-images-holder\">\n\t\t\t\t\t\t\t<div class=\"qodef-e-main-image\">\n\t\t\t\t\t<img loading=\"lazy\" decoding=\"async\" width=\"304\" height=\"150\" src=\"https:\/\/www.aksarunflat.com.tr\/wp-content\/uploads\/2024\/11\/8_volkan.jpg\" class=\"attachment-full size-full\" alt=\"\" srcset=\"https:\/\/www.aksarunflat.com.tr\/wp-content\/uploads\/2024\/11\/8_volkan.jpg 304w, https:\/\/www.aksarunflat.com.tr\/wp-content\/uploads\/2024\/11\/8_volkan-300x148.jpg 300w\" sizes=\"(max-width: 304px) 100vw, 304px\" \/>\t\t\t\t<\/div>\n\t\t\t\t\t\t\t\t<\/div>\n\t\t\t\t\t<h5 class=\"qodef-e-title\">\n\t\t\tVOLKAN\t\t<\/h5>\n\t\t\t\t\t<\/div>\n<\/div>\n<div class=\"qodef-e qodef-grid-item\">\n\t<div class=\"qodef-e-inner\">\n\t\t\t\t<div class=\"qodef-e-images-holder\">\n\t\t\t\t\t\t\t<div class=\"qodef-e-main-image\">\n\t\t\t\t\t<img loading=\"lazy\" decoding=\"async\" width=\"304\" height=\"150\" src=\"https:\/\/www.aksarunflat.com.tr\/wp-content\/uploads\/2024\/11\/7_ukranian-armor.jpg\" class=\"attachment-full size-full\" alt=\"\" srcset=\"https:\/\/www.aksarunflat.com.tr\/wp-content\/uploads\/2024\/11\/7_ukranian-armor.jpg 304w, https:\/\/www.aksarunflat.com.tr\/wp-content\/uploads\/2024\/11\/7_ukranian-armor-300x148.jpg 300w\" sizes=\"(max-width: 304px) 100vw, 304px\" \/>\t\t\t\t<\/div>\n\t\t\t\t\t\t\t\t<\/div>\n\t\t\t\t\t<h5 class=\"qodef-e-title\">\n\t\t\tUKRAINIAN ARMOUR\t\t<\/h5>\n\t\t\t\t\t<\/div>\n<\/div>\n<div class=\"qodef-e qodef-grid-item\">\n\t<div class=\"qodef-e-inner\">\n\t\t\t\t<div class=\"qodef-e-images-holder\">\n\t\t\t\t\t\t\t<div class=\"qodef-e-main-image\">\n\t\t\t\t\t<img loading=\"lazy\" decoding=\"async\" width=\"304\" height=\"150\" src=\"https:\/\/www.aksarunflat.com.tr\/wp-content\/uploads\/2024\/11\/6_al-araba.jpg\" class=\"attachment-full size-full\" alt=\"\" srcset=\"https:\/\/www.aksarunflat.com.tr\/wp-content\/uploads\/2024\/11\/6_al-araba.jpg 304w, https:\/\/www.aksarunflat.com.tr\/wp-content\/uploads\/2024\/11\/6_al-araba-300x148.jpg 300w\" sizes=\"(max-width: 304px) 100vw, 304px\" \/>\t\t\t\t<\/div>\n\t\t\t\t\t\t\t\t<\/div>\n\t\t\t\t\t<h5 class=\"qodef-e-title\">\n\t\t\tAL CAR\t\t<\/h5>\n\t\t\t\t\t<\/div>\n<\/div>\n<div class=\"qodef-e qodef-grid-item\">\n\t<div class=\"qodef-e-inner\">\n\t\t\t\t<div class=\"qodef-e-images-holder\">\n\t\t\t\t\t\t\t<div class=\"qodef-e-main-image\">\n\t\t\t\t\t<img loading=\"lazy\" decoding=\"async\" width=\"304\" height=\"150\" src=\"https:\/\/www.aksarunflat.com.tr\/wp-content\/uploads\/2024\/11\/5_otokar.jpg\" class=\"attachment-full size-full\" alt=\"\" srcset=\"https:\/\/www.aksarunflat.com.tr\/wp-content\/uploads\/2024\/11\/5_otokar.jpg 304w, https:\/\/www.aksarunflat.com.tr\/wp-content\/uploads\/2024\/11\/5_otokar-300x148.jpg 300w\" sizes=\"(max-width: 304px) 100vw, 304px\" \/>\t\t\t\t<\/div>\n\t\t\t\t\t\t\t\t<\/div>\n\t\t\t\t\t<h5 class=\"qodef-e-title\">\n\t\t\tOTOKAR\t\t<\/h5>\n\t\t\t\t\t<\/div>\n<\/div>\n<div class=\"qodef-e qodef-grid-item\">\n\t<div class=\"qodef-e-inner\">\n\t\t\t\t<div class=\"qodef-e-images-holder\">\n\t\t\t\t\t\t\t<div class=\"qodef-e-main-image\">\n\t\t\t\t\t<img loading=\"lazy\" decoding=\"async\" width=\"304\" height=\"150\" src=\"https:\/\/www.aksarunflat.com.tr\/wp-content\/uploads\/2024\/11\/4_nurol-teknoloji.jpg\" class=\"attachment-full size-full\" alt=\"\" srcset=\"https:\/\/www.aksarunflat.com.tr\/wp-content\/uploads\/2024\/11\/4_nurol-teknoloji.jpg 304w, https:\/\/www.aksarunflat.com.tr\/wp-content\/uploads\/2024\/11\/4_nurol-teknoloji-300x148.jpg 300w\" sizes=\"(max-width: 304px) 100vw, 304px\" \/>\t\t\t\t<\/div>\n\t\t\t\t\t\t\t\t<\/div>\n\t\t\t\t\t<h5 class=\"qodef-e-title\">\n\t\t\tNURAL TECHNOLOGY\t\t<\/h5>\n\t\t\t\t\t<\/div>\n<\/div>\n<div class=\"qodef-e qodef-grid-item\">\n\t<div class=\"qodef-e-inner\">\n\t\t\t\t<div class=\"qodef-e-images-holder\">\n\t\t\t\t\t\t\t<div class=\"qodef-e-main-image\">\n\t\t\t\t\t<img loading=\"lazy\" decoding=\"async\" width=\"304\" height=\"150\" src=\"https:\/\/www.aksarunflat.com.tr\/wp-content\/uploads\/2024\/11\/3_nurol-makina.jpg\" class=\"attachment-full size-full\" alt=\"\" srcset=\"https:\/\/www.aksarunflat.com.tr\/wp-content\/uploads\/2024\/11\/3_nurol-makina.jpg 304w, https:\/\/www.aksarunflat.com.tr\/wp-content\/uploads\/2024\/11\/3_nurol-makina-300x148.jpg 300w\" sizes=\"(max-width: 304px) 100vw, 304px\" \/>\t\t\t\t<\/div>\n\t\t\t\t\t\t\t\t<\/div>\n\t\t\t\t\t<h5 class=\"qodef-e-title\">\n\t\t\tNURAL MACHINERY\t\t<\/h5>\n\t\t\t\t\t<\/div>\n<\/div>\n<div class=\"qodef-e qodef-grid-item\">\n\t<div class=\"qodef-e-inner\">\n\t\t\t\t<div class=\"qodef-e-images-holder\">\n\t\t\t\t\t\t\t<div class=\"qodef-e-main-image\">\n\t\t\t\t\t<img loading=\"lazy\" decoding=\"async\" width=\"304\" height=\"150\" src=\"https:\/\/www.aksarunflat.com.tr\/wp-content\/uploads\/2024\/11\/13-arinco_logo.jpg\" class=\"attachment-full size-full\" alt=\"\" srcset=\"https:\/\/www.aksarunflat.com.tr\/wp-content\/uploads\/2024\/11\/13-arinco_logo.jpg 304w, https:\/\/www.aksarunflat.com.tr\/wp-content\/uploads\/2024\/11\/13-arinco_logo-300x148.jpg 300w\" sizes=\"(max-width: 304px) 100vw, 304px\" \/>\t\t\t\t<\/div>\n\t\t\t\t\t\t\t\t<\/div>\n\t\t\t\t\t<h5 class=\"qodef-e-title\">\n\t\t\tARINCO\t\t<\/h5>\n\t\t\t\t\t<\/div>\n<\/div>\n<div class=\"qodef-e qodef-grid-item\">\n\t<div class=\"qodef-e-inner\">\n\t\t\t\t<div class=\"qodef-e-images-holder\">\n\t\t\t\t\t\t\t<div class=\"qodef-e-main-image\">\n\t\t\t\t\t<img loading=\"lazy\" decoding=\"async\" width=\"304\" height=\"150\" src=\"https:\/\/www.aksarunflat.com.tr\/wp-content\/uploads\/2024\/11\/12-kranva.png\" class=\"attachment-full size-full\" alt=\"\" srcset=\"https:\/\/www.aksarunflat.com.tr\/wp-content\/uploads\/2024\/11\/12-kranva.png 304w, https:\/\/www.aksarunflat.com.tr\/wp-content\/uploads\/2024\/11\/12-kranva-300x148.png 300w\" sizes=\"(max-width: 304px) 100vw, 304px\" \/>\t\t\t\t<\/div>\n\t\t\t\t\t\t\t\t<\/div>\n\t\t\t\t\t<h5 class=\"qodef-e-title\">\n\t\t\tKRATAS\t\t<\/h5>\n\t\t\t\t\t<\/div>\n<\/div>\n<div class=\"qodef-e qodef-grid-item\">\n\t<div class=\"qodef-e-inner\">\n\t\t\t\t<div class=\"qodef-e-images-holder\">\n\t\t\t\t\t\t\t<div class=\"qodef-e-main-image\">\n\t\t\t\t\t<img loading=\"lazy\" decoding=\"async\" width=\"304\" height=\"150\" src=\"https:\/\/www.aksarunflat.com.tr\/wp-content\/uploads\/2024\/11\/11-kpekazak.jpg\" class=\"attachment-full size-full\" alt=\"\" srcset=\"https:\/\/www.aksarunflat.com.tr\/wp-content\/uploads\/2024\/11\/11-kpekazak.jpg 304w, https:\/\/www.aksarunflat.com.tr\/wp-content\/uploads\/2024\/11\/11-kpekazak-300x148.jpg 300w\" sizes=\"(max-width: 304px) 100vw, 304px\" \/>\t\t\t\t<\/div>\n\t\t\t\t\t\t\t\t<\/div>\n\t\t\t\t\t<h5 class=\"qodef-e-title\">\n\t\t\tKPE\t\t<\/h5>\n\t\t\t\t\t<\/div>\n<\/div>\n<div class=\"qodef-e qodef-grid-item\">\n\t<div class=\"qodef-e-inner\">\n\t\t\t\t<div class=\"qodef-e-images-holder\">\n\t\t\t\t\t\t\t<div class=\"qodef-e-main-image\">\n\t\t\t\t\t<img loading=\"lazy\" decoding=\"async\" width=\"304\" height=\"150\" src=\"https:\/\/www.aksarunflat.com.tr\/wp-content\/uploads\/2024\/11\/10-hit_logo.png\" class=\"attachment-full size-full\" alt=\"\" srcset=\"https:\/\/www.aksarunflat.com.tr\/wp-content\/uploads\/2024\/11\/10-hit_logo.png 304w, https:\/\/www.aksarunflat.com.tr\/wp-content\/uploads\/2024\/11\/10-hit_logo-300x148.png 300w\" sizes=\"(max-width: 304px) 100vw, 304px\" \/>\t\t\t\t<\/div>\n\t\t\t\t\t\t\t\t<\/div>\n\t\t\t\t\t<h5 class=\"qodef-e-title\">\n\t\t\tHEAVY INDUSTRIES TAXILA\t\t<\/h5>\n\t\t\t\t\t<\/div>\n<\/div>\n<div class=\"qodef-e qodef-grid-item\">\n\t<div class=\"qodef-e-inner\">\n\t\t\t\t<div class=\"qodef-e-images-holder\">\n\t\t\t\t\t\t\t<div class=\"qodef-e-main-image\">\n\t\t\t\t\t<img loading=\"lazy\" decoding=\"async\" width=\"304\" height=\"150\" src=\"https:\/\/www.aksarunflat.com.tr\/wp-content\/uploads\/2024\/11\/9_duma.jpg\" class=\"attachment-full size-full\" alt=\"\" srcset=\"https:\/\/www.aksarunflat.com.tr\/wp-content\/uploads\/2024\/11\/9_duma.jpg 304w, https:\/\/www.aksarunflat.com.tr\/wp-content\/uploads\/2024\/11\/9_duma-300x148.jpg 300w\" sizes=\"(max-width: 304px) 100vw, 304px\" \/>\t\t\t\t<\/div>\n\t\t\t\t\t\t\t\t<\/div>\n\t\t\t\t\t<h5 class=\"qodef-e-title\">\n\t\t\tDUMA\t\t<\/h5>\n\t\t\t\t\t<\/div>\n<\/div>\n<div class=\"qodef-e qodef-grid-item\">\n\t<div class=\"qodef-e-inner\">\n\t\t\t\t<div class=\"qodef-e-images-holder\">\n\t\t\t\t\t\t\t<div class=\"qodef-e-main-image\">\n\t\t\t\t\t<img loading=\"lazy\" decoding=\"async\" width=\"304\" height=\"150\" src=\"https:\/\/www.aksarunflat.com.tr\/wp-content\/uploads\/2024\/11\/1551172665_ordu.jpg\" class=\"attachment-full size-full\" alt=\"\" srcset=\"https:\/\/www.aksarunflat.com.tr\/wp-content\/uploads\/2024\/11\/1551172665_ordu.jpg 304w, https:\/\/www.aksarunflat.com.tr\/wp-content\/uploads\/2024\/11\/1551172665_ordu-300x148.jpg 300w\" sizes=\"(max-width: 304px) 100vw, 304px\" \/>\t\t\t\t<\/div>\n\t\t\t\t\t\t\t\t<\/div>\n\t\t\t\t\t<h5 class=\"qodef-e-title\">\n\t\t\tHukbong Katihan Ng Pilipinas\t\t<\/h5>\n\t\t\t\t\t<\/div>\n<\/div>\n\t<\/div>\n<\/div>\n\t\t\t\t<\/div>\n\t\t\t\t<\/div>\n\t\t\t\t\t<\/div>\n\t\t<\/div>\n\t\t\t\t\t<\/div>\n\t\t<\/section>\n\t\t\t\t<\/div>","protected":false},"excerpt":{"rendered":"<p>Turkish National Police GENERAL COMMAND OF GENDARMA BMC Best Grup Advanced Design Solution ISUZU FNSS KEMBARA SUCI KATMERC\u0130LER VOLKAN UKRAINIAN ARMOR AL ARABA OTOKAR NURAL TEKNOLOJ\u0130 NURAL MAK\u0130NA ARINCO KRATAS KPE HEAVY INDUSTRIES TAXILA DUMA Hukbong Katihan Ng Pilipinas<\/p>","protected":false},"author":1,"featured_media":0,"parent":0,"menu_order":0,"comment_status":"closed","ping_status":"closed","template":"page-full-width.php","meta":{"footnotes":""},"class_list":["post-9011","page","type-page","status-publish","hentry"],"_links":{"self":[{"href":"https:\/\/www.aksarunflat.com.tr\/en\/wp-json\/wp\/v2\/pages\/9011","targetHints":{"allow":["GET"]}}],"collection":[{"href":"https:\/\/www.aksarunflat.com.tr\/en\/wp-json\/wp\/v2\/pages"}],"about":[{"href":"https:\/\/www.aksarunflat.com.tr\/en\/wp-json\/wp\/v2\/types\/page"}],"author":[{"embeddable":true,"href":"https:\/\/www.aksarunflat.com.tr\/en\/wp-json\/wp\/v2\/users\/1"}],"replies":[{"embeddable":true,"href":"https:\/\/www.aksarunflat.com.tr\/en\/wp-json\/wp\/v2\/comments?post=9011"}],"version-history":[{"count":4,"href":"https:\/\/www.aksarunflat.com.tr\/en\/wp-json\/wp\/v2\/pages\/9011\/revisions"}],"predecessor-version":[{"id":9016,"href":"https:\/\/www.aksarunflat.com.tr\/en\/wp-json\/wp\/v2\/pages\/9011\/revisions\/9016"}],"wp:attachment":[{"href":"https:\/\/www.aksarunflat.com.tr\/en\/wp-json\/wp\/v2\/media?parent=9011"}],"curies":[{"name":"wp","href":"https:\/\/api.w.org\/{rel}","templated":true}]}}