{"id":8565,"date":"2024-12-22T23:10:56","date_gmt":"2024-12-22T23:10:56","guid":{"rendered":"https:\/\/www.aksarunflat.com.tr\/?page_id=8565"},"modified":"2025-02-16T22:36:20","modified_gmt":"2025-02-16T22:36:20","slug":"beadlock-sistemleri","status":"publish","type":"page","link":"https:\/\/www.aksarunflat.com.tr\/en\/beadlock-sistemleri\/","title":{"rendered":"Beadlock Systems"},"content":{"rendered":"<div data-elementor-type=\"wp-page\" data-elementor-id=\"8565\" class=\"elementor elementor-8565\">\n\t\t\t\t\t\t<section class=\"elementor-section elementor-top-section elementor-element elementor-element-ae04f9f elementor-section-full_width qodef-elementor-content-grid elementor-section-height-default elementor-section-height-default\" data-id=\"ae04f9f\" data-element_type=\"section\" data-e-type=\"section\" data-settings=\"{&quot;background_background&quot;:&quot;classic&quot;}\">\n\t\t\t\t\t\t<div class=\"elementor-container elementor-column-gap-default\">\n\t\t\t\t\t<div class=\"elementor-column elementor-col-100 elementor-top-column elementor-element elementor-element-53ed45d\" data-id=\"53ed45d\" data-element_type=\"column\" data-e-type=\"column\">\n\t\t\t<div class=\"elementor-widget-wrap elementor-element-populated\">\n\t\t\t\t\t\t<div class=\"elementor-element elementor-element-83eb90f elementor-widget elementor-widget-manufaktursolutions_core_section_title\" data-id=\"83eb90f\" data-element_type=\"widget\" data-e-type=\"widget\" data-widget_type=\"manufaktursolutions_core_section_title.default\">\n\t\t\t\t<div class=\"elementor-widget-container\">\n\t\t\t\t\t<div class=\"qodef-shortcode qodef-m  qodef-section-title qodef-alignment--left\">\n\t\t\t<h1 class=\"qodef-m-title\" style=\"color: #FFFFFF\">\n\t\t\t\t\t Beadlock<br \/> Systems\t\t\t<\/h1>\n\t\t<\/div>\n\t\t\t\t<\/div>\n\t\t\t\t<\/div>\n\t\t\t\t\t<\/div>\n\t\t<\/div>\n\t\t\t\t\t<\/div>\n\t\t<\/section>\n\t\t\t\t<section class=\"elementor-section elementor-top-section elementor-element elementor-element-eff676f elementor-section-full_width qodef-elementor-content-grid elementor-section-height-default elementor-section-height-default\" data-id=\"eff676f\" data-element_type=\"section\" data-e-type=\"section\" data-settings=\"{&quot;background_background&quot;:&quot;classic&quot;}\">\n\t\t\t\t\t\t<div class=\"elementor-container elementor-column-gap-default\">\n\t\t\t\t\t<div class=\"elementor-column elementor-col-50 elementor-top-column elementor-element elementor-element-d3076ab\" data-id=\"d3076ab\" data-element_type=\"column\" data-e-type=\"column\">\n\t\t\t<div class=\"elementor-widget-wrap elementor-element-populated\">\n\t\t\t\t\t\t<div class=\"elementor-element elementor-element-9426c14 elementor-widget elementor-widget-image\" data-id=\"9426c14\" data-element_type=\"widget\" data-e-type=\"widget\" data-widget_type=\"image.default\">\n\t\t\t\t\t\t\t\t\t\t\t\t\t\t\t<img fetchpriority=\"high\" decoding=\"async\" width=\"650\" height=\"650\" src=\"https:\/\/www.aksarunflat.com.tr\/wp-content\/uploads\/2025\/01\/BEADLOCK-650x650.png\" class=\"attachment-qi_blocks_image_size_square size-qi_blocks_image_size_square wp-image-8888\" alt=\"\" srcset=\"https:\/\/www.aksarunflat.com.tr\/wp-content\/uploads\/2025\/01\/BEADLOCK-650x650.png 650w, https:\/\/www.aksarunflat.com.tr\/wp-content\/uploads\/2025\/01\/BEADLOCK-300x300.png 300w, https:\/\/www.aksarunflat.com.tr\/wp-content\/uploads\/2025\/01\/BEADLOCK-1024x1024.png 1024w, https:\/\/www.aksarunflat.com.tr\/wp-content\/uploads\/2025\/01\/BEADLOCK-150x150.png 150w, https:\/\/www.aksarunflat.com.tr\/wp-content\/uploads\/2025\/01\/BEADLOCK-768x768.png 768w, https:\/\/www.aksarunflat.com.tr\/wp-content\/uploads\/2025\/01\/BEADLOCK.png 1100w\" sizes=\"(max-width: 650px) 100vw, 650px\" \/>\t\t\t\t\t\t\t\t\t\t\t\t\t\t\t<\/div>\n\t\t\t\t<div class=\"elementor-element elementor-element-e2fe7e6 elementor-widget elementor-widget-image\" data-id=\"e2fe7e6\" data-element_type=\"widget\" data-e-type=\"widget\" data-widget_type=\"image.default\">\n\t\t\t\t\t\t\t\t\t\t\t\t\t\t\t<img decoding=\"async\" width=\"1024\" height=\"1024\" src=\"https:\/\/www.aksarunflat.com.tr\/wp-content\/uploads\/2025\/01\/beadlock_teknik-1024x1024.png\" class=\"attachment-large size-large wp-image-8889\" alt=\"\" srcset=\"https:\/\/www.aksarunflat.com.tr\/wp-content\/uploads\/2025\/01\/beadlock_teknik-1024x1024.png 1024w, https:\/\/www.aksarunflat.com.tr\/wp-content\/uploads\/2025\/01\/beadlock_teknik-300x300.png 300w, https:\/\/www.aksarunflat.com.tr\/wp-content\/uploads\/2025\/01\/beadlock_teknik-150x150.png 150w, https:\/\/www.aksarunflat.com.tr\/wp-content\/uploads\/2025\/01\/beadlock_teknik-768x768.png 768w, https:\/\/www.aksarunflat.com.tr\/wp-content\/uploads\/2025\/01\/beadlock_teknik-650x650.png 650w, https:\/\/www.aksarunflat.com.tr\/wp-content\/uploads\/2025\/01\/beadlock_teknik.png 1100w\" sizes=\"(max-width: 1024px) 100vw, 1024px\" \/>\t\t\t\t\t\t\t\t\t\t\t\t\t\t\t<\/div>\n\t\t\t\t\t<\/div>\n\t\t<\/div>\n\t\t\t\t<div class=\"elementor-column elementor-col-50 elementor-top-column elementor-element elementor-element-60820a2\" data-id=\"60820a2\" data-element_type=\"column\" data-e-type=\"column\">\n\t\t\t<div class=\"elementor-widget-wrap elementor-element-populated\">\n\t\t\t\t\t\t<section class=\"elementor-section elementor-inner-section elementor-element elementor-element-ad46c12 elementor-section-boxed elementor-section-height-default elementor-section-height-default qodef-elementor-content-no\" data-id=\"ad46c12\" data-element_type=\"section\" data-e-type=\"section\">\n\t\t\t\t\t\t<div class=\"elementor-container elementor-column-gap-default\">\n\t\t\t\t\t<div class=\"elementor-column elementor-col-50 elementor-inner-column elementor-element elementor-element-e6c66b8\" data-id=\"e6c66b8\" data-element_type=\"column\" data-e-type=\"column\">\n\t\t\t<div class=\"elementor-widget-wrap elementor-element-populated\">\n\t\t\t\t\t\t<div class=\"elementor-element elementor-element-5777e3e elementor-widget elementor-widget-manufaktursolutions_core_single_image\" data-id=\"5777e3e\" data-element_type=\"widget\" data-e-type=\"widget\" data-widget_type=\"manufaktursolutions_core_single_image.default\">\n\t\t\t\t<div class=\"elementor-widget-container\">\n\t\t\t\t\t<div class=\"qodef-shortcode qodef-m  qodef-single-image qodef-layout--default  qodef--retina\">\n\t<\/div>\n\t\t\t\t<\/div>\n\t\t\t\t<\/div>\n\t\t\t\t\t<\/div>\n\t\t<\/div>\n\t\t\t\t<div class=\"elementor-column elementor-col-50 elementor-inner-column elementor-element elementor-element-82c1d71\" data-id=\"82c1d71\" data-element_type=\"column\" data-e-type=\"column\">\n\t\t\t<div class=\"elementor-widget-wrap elementor-element-populated\">\n\t\t\t\t\t\t<div class=\"elementor-element elementor-element-2be894c elementor-widget elementor-widget-manufaktursolutions_core_section_title\" data-id=\"2be894c\" data-element_type=\"widget\" data-e-type=\"widget\" data-widget_type=\"manufaktursolutions_core_section_title.default\">\n\t\t\t\t<div class=\"elementor-widget-container\">\n\t\t\t\t\t<div class=\"qodef-shortcode qodef-m  qodef-section-title qodef-alignment--left\">\n\t\t\t<h6 class=\"qodef-m-title\" >\n\t\t\t\t\tThe Beadlock system is a solution designed to improve the performance of vehicle tyres in difficult off-road conditions. \t\t\t<\/h6>\n\t\t<\/div>\n\t\t\t\t<\/div>\n\t\t\t\t<\/div>\n\t\t\t\t<div class=\"elementor-element elementor-element-047ae69 elementor-widget elementor-widget-manufaktursolutions_core_section_title\" data-id=\"047ae69\" data-element_type=\"widget\" data-e-type=\"widget\" data-widget_type=\"manufaktursolutions_core_section_title.default\">\n\t\t\t\t<div class=\"elementor-widget-container\">\n\t\t\t\t\t<div class=\"qodef-shortcode qodef-m  qodef-section-title qodef-alignment--left\">\n\t\t\t\t\t<p class=\"qodef-m-text\" style=\"margin-top: 11px\">It is an ideal system for increasing the compression area of the wheels and strengthening the mobility on soft ground such as sand, mud and snow.\n\nThe Beadlock System is a mechanism that applies pressure to the tyre heels in order to eliminate the risk of deformation and air leakage due to sudden loads on the tyre sidewalls on rough ground in off-road conditions.\n\nOur Beadlock systems can be produced compatible with tyres of different brands and appeal to a wide range of users thanks to this feature. This system, which stands out with its robustness and reliability, offers a reliable solution especially in difficult off-road conditions.<\/p>\n<\/div>\n\t\t\t\t<\/div>\n\t\t\t\t<\/div>\n\t\t\t\t<div class=\"elementor-element elementor-element-7ae6ecd elementor-widget elementor-widget-manufaktursolutions_core_separator\" data-id=\"7ae6ecd\" data-element_type=\"widget\" data-e-type=\"widget\" data-widget_type=\"manufaktursolutions_core_separator.default\">\n\t\t\t\t<div class=\"elementor-widget-container\">\n\t\t\t\t\t<div class=\"qodef-shortcode qodef-m  qodef-separator clear\">\n\t<div class=\"qodef-m-line\" style=\"border-color: #15141C\"><\/div>\n<\/div>\n\t\t\t\t<\/div>\n\t\t\t\t<\/div>\n\t\t\t\t<div class=\"elementor-element elementor-element-b3b7aab elementor-widget elementor-widget-manufaktursolutions_core_button\" data-id=\"b3b7aab\" data-element_type=\"widget\" data-e-type=\"widget\" data-widget_type=\"manufaktursolutions_core_button.default\">\n\t\t\t\t<div class=\"elementor-widget-container\">\n\t\t\t\t\t<a class=\"qodef-shortcode qodef-m  qodef-button qodef-layout--filled  qodef-html--link\" href=\"\/en\/iletisim\/\" target=\"_self\"  >\n\t<span class=\"qodef-m-text\">Detailed Information<\/span>\n\t<span class=\"qodef-m-button-arrow-holder\" >\n        <svg class=\"qodef-svg--button-arrow\" xmlns=\"http:\/\/www.w3.org\/2000\/svg\" width=\"17.65\" height=\"13.1\"\n     viewbox=\"0 0 17.65 13.1\"><path d=\"m11.75 13.1-1.275-1.275L14.1 8.2l.85-.575-.1-.3-1.025.125H0V5.625h13.825l1.025.15.1-.3-.85-.575-3.625-3.625L11.75 0l5.9 5.9v1.3Z\"\/><path d=\"m11.75 13.1-1.275-1.275L14.1 8.2l.85-.575-.1-.3-1.025.125H0V5.625h13.825l1.025.15.1-.3-.85-.575-3.625-3.625L11.75 0l5.9 5.9v1.3Z\"\/><\/svg>    <\/span>\n<\/a>\n\t\t\t\t<\/div>\n\t\t\t\t<\/div>\n\t\t\t\t<div class=\"elementor-element elementor-element-5a9f3c4 elementor-widget elementor-widget-manufaktursolutions_core_separator\" data-id=\"5a9f3c4\" data-element_type=\"widget\" data-e-type=\"widget\" data-widget_type=\"manufaktursolutions_core_separator.default\">\n\t\t\t\t<div class=\"elementor-widget-container\">\n\t\t\t\t\t<div class=\"qodef-shortcode qodef-m  qodef-separator clear\">\n\t<div class=\"qodef-m-line\" style=\"border-color: #15141C\"><\/div>\n<\/div>\n\t\t\t\t<\/div>\n\t\t\t\t<\/div>\n\t\t\t\t\t<\/div>\n\t\t<\/div>\n\t\t\t\t\t<\/div>\n\t\t<\/section>\n\t\t\t\t\t<\/div>\n\t\t<\/div>\n\t\t\t\t\t<\/div>\n\t\t<\/section>\n\t\t\t\t<section class=\"elementor-section elementor-top-section elementor-element elementor-element-74fd15c elementor-section-full_width qodef-elementor-content-grid elementor-section-height-default elementor-section-height-default\" data-id=\"74fd15c\" data-element_type=\"section\" data-e-type=\"section\" data-settings=\"{&quot;background_background&quot;:&quot;classic&quot;}\">\n\t\t\t\t\t\t<div class=\"elementor-container elementor-column-gap-default\">\n\t\t\t\t\t<div class=\"elementor-column elementor-col-100 elementor-top-column elementor-element elementor-element-c93f86d\" data-id=\"c93f86d\" data-element_type=\"column\" data-e-type=\"column\">\n\t\t\t<div class=\"elementor-widget-wrap elementor-element-populated\">\n\t\t\t\t\t\t<div class=\"elementor-element elementor-element-725fd59 elementor-widget elementor-widget-manufaktursolutions_core_section_title\" data-id=\"725fd59\" data-element_type=\"widget\" data-e-type=\"widget\" data-widget_type=\"manufaktursolutions_core_section_title.default\">\n\t\t\t\t<div class=\"elementor-widget-container\">\n\t\t\t\t\t<div class=\"qodef-shortcode qodef-m  qodef-section-title qodef-alignment--left\">\n\t\t<p class=\"qodef-m-highlight-text\" style=\"margin-bottom: 18px\">Quality<\/p>\n\t\t<h3 class=\"qodef-m-title\" style=\"color: #FFFFFF\">\n\t\t\t\t\tDurability and safety guaranteed by state-of-the-art technology\t\t\t<\/h3>\n\t\t<\/div>\n\t\t\t\t<\/div>\n\t\t\t\t<\/div>\n\t\t\t\t<div class=\"elementor-element elementor-element-b70f3a1 elementor-widget elementor-widget-manufaktursolutions_core_button\" data-id=\"b70f3a1\" data-element_type=\"widget\" data-e-type=\"widget\" data-widget_type=\"manufaktursolutions_core_button.default\">\n\t\t\t\t<div class=\"elementor-widget-container\">\n\t\t\t\t\t<a class=\"qodef-shortcode qodef-m  qodef-button qodef-layout--outlined  qodef-html--link\" href=\"\/en\/iletisim\/\" target=\"_self\"  style=\"color: #FFFFFF\">\n\t<span class=\"qodef-m-text\">Contact Us<\/span>\n    <span class=\"qodef-m-button-arrow-holder\" >\n        <svg class=\"qodef-svg--button-arrow\" xmlns=\"http:\/\/www.w3.org\/2000\/svg\" width=\"17.65\" height=\"13.1\"\n     viewbox=\"0 0 17.65 13.1\"><path d=\"m11.75 13.1-1.275-1.275L14.1 8.2l.85-.575-.1-.3-1.025.125H0V5.625h13.825l1.025.15.1-.3-.85-.575-3.625-3.625L11.75 0l5.9 5.9v1.3Z\"\/><path d=\"m11.75 13.1-1.275-1.275L14.1 8.2l.85-.575-.1-.3-1.025.125H0V5.625h13.825l1.025.15.1-.3-.85-.575-3.625-3.625L11.75 0l5.9 5.9v1.3Z\"\/><\/svg>    <\/span>\n<\/a>\t\t\t\t<\/div>\n\t\t\t\t<\/div>\n\t\t\t\t\t<\/div>\n\t\t<\/div>\n\t\t\t\t\t<\/div>\n\t\t<\/section>\n\t\t\t\t<\/div>","protected":false},"excerpt":{"rendered":"<p>Beadlock Sistemleri Beadlock sistemi, zorlu arazi ko\u015fullar\u0131nda ara\u00e7 lastiklerinin performans\u0131n\u0131 art\u0131rmak i\u00e7in tasarlanm\u0131\u015f bir \u00e7\u00f6z\u00fcmd\u00fcr. Kum, \u00e7amur ve kar gibi yumu\u015fak zeminlerde tekerleklerin basma alan\u0131n\u0131 art\u0131rmak ve hareket kabiliyetini g\u00fc\u00e7lendirmek i\u00e7in ideal bir sistemdir. Beadlock Sistemi, off-road ko\u015fullar\u0131nda bozuk zemindeki lastik yanaklar\u0131na ani y\u00fcklenmelerden dolay\u0131 deformasyona u\u011framas\u0131 ve hava ka\u00e7\u0131rma riskini ortadan kald\u0131rmak amac\u0131yla lastik [&hellip;]<\/p>\n","protected":false},"author":1,"featured_media":0,"parent":0,"menu_order":0,"comment_status":"closed","ping_status":"closed","template":"page-full-width.php","meta":{"footnotes":""},"class_list":["post-8565","page","type-page","status-publish","hentry"],"_links":{"self":[{"href":"https:\/\/www.aksarunflat.com.tr\/en\/wp-json\/wp\/v2\/pages\/8565","targetHints":{"allow":["GET"]}}],"collection":[{"href":"https:\/\/www.aksarunflat.com.tr\/en\/wp-json\/wp\/v2\/pages"}],"about":[{"href":"https:\/\/www.aksarunflat.com.tr\/en\/wp-json\/wp\/v2\/types\/page"}],"author":[{"embeddable":true,"href":"https:\/\/www.aksarunflat.com.tr\/en\/wp-json\/wp\/v2\/users\/1"}],"replies":[{"embeddable":true,"href":"https:\/\/www.aksarunflat.com.tr\/en\/wp-json\/wp\/v2\/comments?post=8565"}],"version-history":[{"count":74,"href":"https:\/\/www.aksarunflat.com.tr\/en\/wp-json\/wp\/v2\/pages\/8565\/revisions"}],"predecessor-version":[{"id":9375,"href":"https:\/\/www.aksarunflat.com.tr\/en\/wp-json\/wp\/v2\/pages\/8565\/revisions\/9375"}],"wp:attachment":[{"href":"https:\/\/www.aksarunflat.com.tr\/en\/wp-json\/wp\/v2\/media?parent=8565"}],"curies":[{"name":"wp","href":"https:\/\/api.w.org\/{rel}","templated":true}]}}