{"id":8557,"date":"2024-12-22T23:05:12","date_gmt":"2024-12-22T23:05:12","guid":{"rendered":"https:\/\/www.aksarunflat.com.tr\/?page_id=8557"},"modified":"2025-02-16T22:35:36","modified_gmt":"2025-02-16T22:35:36","slug":"montaj-teknik-destek","status":"publish","type":"page","link":"https:\/\/www.aksarunflat.com.tr\/en\/montaj-teknik-destek\/","title":{"rendered":"Assembly and Technical Support"},"content":{"rendered":"<div data-elementor-type=\"wp-page\" data-elementor-id=\"8557\" class=\"elementor elementor-8557\">\n\t\t\t\t\t\t<section class=\"elementor-section elementor-top-section elementor-element elementor-element-dfd6156 elementor-section-full_width qodef-elementor-content-grid elementor-section-height-default elementor-section-height-default\" data-id=\"dfd6156\" data-element_type=\"section\" data-e-type=\"section\" data-settings=\"{&quot;background_background&quot;:&quot;classic&quot;}\">\n\t\t\t\t\t\t<div class=\"elementor-container elementor-column-gap-default\">\n\t\t\t\t\t<div class=\"elementor-column elementor-col-100 elementor-top-column elementor-element elementor-element-73f37bf\" data-id=\"73f37bf\" data-element_type=\"column\" data-e-type=\"column\">\n\t\t\t<div class=\"elementor-widget-wrap elementor-element-populated\">\n\t\t\t\t\t\t<div class=\"elementor-element elementor-element-5bf36be elementor-widget elementor-widget-manufaktursolutions_core_section_title\" data-id=\"5bf36be\" data-element_type=\"widget\" data-e-type=\"widget\" data-widget_type=\"manufaktursolutions_core_section_title.default\">\n\t\t\t\t<div class=\"elementor-widget-container\">\n\t\t\t\t\t<div class=\"qodef-shortcode qodef-m  qodef-section-title qodef-alignment--left\">\n\t\t\t<h1 class=\"qodef-m-title\" style=\"color: #FFFFFF\">\n\t\t\t\t\tAssembly and<br \/> Technical Support\t\t\t<\/h1>\n\t\t<\/div>\n\t\t\t\t<\/div>\n\t\t\t\t<\/div>\n\t\t\t\t\t<\/div>\n\t\t<\/div>\n\t\t\t\t\t<\/div>\n\t\t<\/section>\n\t\t\t\t<section class=\"elementor-section elementor-top-section elementor-element elementor-element-eff676f elementor-section-full_width qodef-elementor-content-grid elementor-section-height-default elementor-section-height-default\" data-id=\"eff676f\" data-element_type=\"section\" data-e-type=\"section\" data-settings=\"{&quot;background_background&quot;:&quot;classic&quot;}\">\n\t\t\t\t\t\t<div class=\"elementor-container elementor-column-gap-default\">\n\t\t\t\t\t<div class=\"elementor-column elementor-col-50 elementor-top-column elementor-element elementor-element-d3076ab\" data-id=\"d3076ab\" data-element_type=\"column\" data-e-type=\"column\">\n\t\t\t<div class=\"elementor-widget-wrap elementor-element-populated\">\n\t\t\t\t\t\t<div class=\"elementor-element elementor-element-9426c14 elementor-widget elementor-widget-image\" data-id=\"9426c14\" data-element_type=\"widget\" data-e-type=\"widget\" data-widget_type=\"image.default\">\n\t\t\t\t\t\t\t\t\t\t\t\t\t\t\t<img fetchpriority=\"high\" decoding=\"async\" width=\"768\" height=\"768\" src=\"https:\/\/www.aksarunflat.com.tr\/wp-content\/uploads\/2025\/01\/montaj-768x768.png\" class=\"attachment-medium_large size-medium_large wp-image-8884\" alt=\"\" srcset=\"https:\/\/www.aksarunflat.com.tr\/wp-content\/uploads\/2025\/01\/montaj-768x768.png 768w, https:\/\/www.aksarunflat.com.tr\/wp-content\/uploads\/2025\/01\/montaj-300x300.png 300w, https:\/\/www.aksarunflat.com.tr\/wp-content\/uploads\/2025\/01\/montaj-1024x1024.png 1024w, https:\/\/www.aksarunflat.com.tr\/wp-content\/uploads\/2025\/01\/montaj-150x150.png 150w, https:\/\/www.aksarunflat.com.tr\/wp-content\/uploads\/2025\/01\/montaj-650x650.png 650w, https:\/\/www.aksarunflat.com.tr\/wp-content\/uploads\/2025\/01\/montaj.png 1100w\" sizes=\"(max-width: 768px) 100vw, 768px\" \/>\t\t\t\t\t\t\t\t\t\t\t\t\t\t\t<\/div>\n\t\t\t\t\t<\/div>\n\t\t<\/div>\n\t\t\t\t<div class=\"elementor-column elementor-col-50 elementor-top-column elementor-element elementor-element-60820a2\" data-id=\"60820a2\" data-element_type=\"column\" data-e-type=\"column\">\n\t\t\t<div class=\"elementor-widget-wrap elementor-element-populated\">\n\t\t\t\t\t\t<section class=\"elementor-section elementor-inner-section elementor-element elementor-element-ad46c12 elementor-section-boxed elementor-section-height-default elementor-section-height-default qodef-elementor-content-no\" data-id=\"ad46c12\" data-element_type=\"section\" data-e-type=\"section\">\n\t\t\t\t\t\t<div class=\"elementor-container elementor-column-gap-default\">\n\t\t\t\t\t<div class=\"elementor-column elementor-col-50 elementor-inner-column elementor-element elementor-element-e6c66b8\" data-id=\"e6c66b8\" data-element_type=\"column\" data-e-type=\"column\">\n\t\t\t<div class=\"elementor-widget-wrap elementor-element-populated\">\n\t\t\t\t\t\t<div class=\"elementor-element elementor-element-5777e3e elementor-widget elementor-widget-manufaktursolutions_core_single_image\" data-id=\"5777e3e\" data-element_type=\"widget\" data-e-type=\"widget\" data-widget_type=\"manufaktursolutions_core_single_image.default\">\n\t\t\t\t<div class=\"elementor-widget-container\">\n\t\t\t\t\t<div class=\"qodef-shortcode qodef-m  qodef-single-image qodef-layout--default  qodef--retina\">\n\t<\/div>\n\t\t\t\t<\/div>\n\t\t\t\t<\/div>\n\t\t\t\t\t<\/div>\n\t\t<\/div>\n\t\t\t\t<div class=\"elementor-column elementor-col-50 elementor-inner-column elementor-element elementor-element-82c1d71\" data-id=\"82c1d71\" data-element_type=\"column\" data-e-type=\"column\">\n\t\t\t<div class=\"elementor-widget-wrap elementor-element-populated\">\n\t\t\t\t\t\t<div class=\"elementor-element elementor-element-2be894c elementor-widget elementor-widget-manufaktursolutions_core_section_title\" data-id=\"2be894c\" data-element_type=\"widget\" data-e-type=\"widget\" data-widget_type=\"manufaktursolutions_core_section_title.default\">\n\t\t\t\t<div class=\"elementor-widget-container\">\n\t\t\t\t\t<div class=\"qodef-shortcode qodef-m  qodef-section-title qodef-alignment--left\">\n\t\t\t<h6 class=\"qodef-m-title\" >\n\t\t\t\t\tThe assembly of RunFlat systems is carried out with equipment optimised for functionality and speed. \t\t\t<\/h6>\n\t\t<\/div>\n\t\t\t\t<\/div>\n\t\t\t\t<\/div>\n\t\t\t\t<div class=\"elementor-element elementor-element-047ae69 elementor-widget elementor-widget-manufaktursolutions_core_section_title\" data-id=\"047ae69\" data-element_type=\"widget\" data-e-type=\"widget\" data-widget_type=\"manufaktursolutions_core_section_title.default\">\n\t\t\t\t<div class=\"elementor-widget-container\">\n\t\t\t\t\t<div class=\"qodef-shortcode qodef-m  qodef-section-title qodef-alignment--left\">\n\t\t\t\t\t<p class=\"qodef-m-text\" style=\"margin-top: 11px\">While installation time is minimised thanks to simple and effective mounting apparatus, in case special apparatus and devices are required, innovative solutions developed by Aksa RunFlat come into play.\n\nThese equipments, which are specially designed for the project needs of our customers, are delivered on time and ensure that operational processes continue uninterrupted. During the assembly process, the support provided by our experienced technical team ensures that high quality standards are maintained at every step.<\/p>\n<\/div>\n\t\t\t\t<\/div>\n\t\t\t\t<\/div>\n\t\t\t\t<div class=\"elementor-element elementor-element-7ae6ecd elementor-widget elementor-widget-manufaktursolutions_core_separator\" data-id=\"7ae6ecd\" data-element_type=\"widget\" data-e-type=\"widget\" data-widget_type=\"manufaktursolutions_core_separator.default\">\n\t\t\t\t<div class=\"elementor-widget-container\">\n\t\t\t\t\t<div class=\"qodef-shortcode qodef-m  qodef-separator clear\">\n\t<div class=\"qodef-m-line\" style=\"border-color: #15141C\"><\/div>\n<\/div>\n\t\t\t\t<\/div>\n\t\t\t\t<\/div>\n\t\t\t\t<div class=\"elementor-element elementor-element-b3b7aab elementor-widget elementor-widget-manufaktursolutions_core_button\" data-id=\"b3b7aab\" data-element_type=\"widget\" data-e-type=\"widget\" data-widget_type=\"manufaktursolutions_core_button.default\">\n\t\t\t\t<div class=\"elementor-widget-container\">\n\t\t\t\t\t<a class=\"qodef-shortcode qodef-m  qodef-button qodef-layout--filled  qodef-html--link\" href=\"\/en\/iletisim\/\" target=\"_self\"  >\n\t<span class=\"qodef-m-text\">Detailed Information<\/span>\n\t<span class=\"qodef-m-button-arrow-holder\" >\n        <svg class=\"qodef-svg--button-arrow\" xmlns=\"http:\/\/www.w3.org\/2000\/svg\" width=\"17.65\" height=\"13.1\"\n     viewbox=\"0 0 17.65 13.1\"><path d=\"m11.75 13.1-1.275-1.275L14.1 8.2l.85-.575-.1-.3-1.025.125H0V5.625h13.825l1.025.15.1-.3-.85-.575-3.625-3.625L11.75 0l5.9 5.9v1.3Z\"\/><path d=\"m11.75 13.1-1.275-1.275L14.1 8.2l.85-.575-.1-.3-1.025.125H0V5.625h13.825l1.025.15.1-.3-.85-.575-3.625-3.625L11.75 0l5.9 5.9v1.3Z\"\/><\/svg>    <\/span>\n<\/a>\n\t\t\t\t<\/div>\n\t\t\t\t<\/div>\n\t\t\t\t<div class=\"elementor-element elementor-element-5a9f3c4 elementor-widget elementor-widget-manufaktursolutions_core_separator\" data-id=\"5a9f3c4\" data-element_type=\"widget\" data-e-type=\"widget\" data-widget_type=\"manufaktursolutions_core_separator.default\">\n\t\t\t\t<div class=\"elementor-widget-container\">\n\t\t\t\t\t<div class=\"qodef-shortcode qodef-m  qodef-separator clear\">\n\t<div class=\"qodef-m-line\" style=\"border-color: #15141C\"><\/div>\n<\/div>\n\t\t\t\t<\/div>\n\t\t\t\t<\/div>\n\t\t\t\t\t<\/div>\n\t\t<\/div>\n\t\t\t\t\t<\/div>\n\t\t<\/section>\n\t\t\t\t\t<\/div>\n\t\t<\/div>\n\t\t\t\t\t<\/div>\n\t\t<\/section>\n\t\t\t\t<section class=\"elementor-section elementor-top-section elementor-element elementor-element-74fd15c elementor-section-full_width qodef-elementor-content-grid elementor-section-height-default elementor-section-height-default\" data-id=\"74fd15c\" data-element_type=\"section\" data-e-type=\"section\" data-settings=\"{&quot;background_background&quot;:&quot;classic&quot;}\">\n\t\t\t\t\t\t<div class=\"elementor-container elementor-column-gap-default\">\n\t\t\t\t\t<div class=\"elementor-column elementor-col-100 elementor-top-column elementor-element elementor-element-c93f86d\" data-id=\"c93f86d\" data-element_type=\"column\" data-e-type=\"column\">\n\t\t\t<div class=\"elementor-widget-wrap elementor-element-populated\">\n\t\t\t\t\t\t<div class=\"elementor-element elementor-element-725fd59 elementor-widget elementor-widget-manufaktursolutions_core_section_title\" data-id=\"725fd59\" data-element_type=\"widget\" data-e-type=\"widget\" data-widget_type=\"manufaktursolutions_core_section_title.default\">\n\t\t\t\t<div class=\"elementor-widget-container\">\n\t\t\t\t\t<div class=\"qodef-shortcode qodef-m  qodef-section-title qodef-alignment--left\">\n\t\t<p class=\"qodef-m-highlight-text\" style=\"margin-bottom: 18px\">Quality<\/p>\n\t\t<h3 class=\"qodef-m-title\" style=\"color: #FFFFFF\">\n\t\t\t\t\tDurability and safety guaranteed by state-of-the-art technology\t\t\t<\/h3>\n\t\t<\/div>\n\t\t\t\t<\/div>\n\t\t\t\t<\/div>\n\t\t\t\t<div class=\"elementor-element elementor-element-b70f3a1 elementor-widget elementor-widget-manufaktursolutions_core_button\" data-id=\"b70f3a1\" data-element_type=\"widget\" data-e-type=\"widget\" data-widget_type=\"manufaktursolutions_core_button.default\">\n\t\t\t\t<div class=\"elementor-widget-container\">\n\t\t\t\t\t<a class=\"qodef-shortcode qodef-m  qodef-button qodef-layout--outlined  qodef-html--link\" href=\"\/en\/iletisim\/\" target=\"_self\"  style=\"color: #FFFFFF\">\n\t<span class=\"qodef-m-text\">Contact Us<\/span>\n    <span class=\"qodef-m-button-arrow-holder\" >\n        <svg class=\"qodef-svg--button-arrow\" xmlns=\"http:\/\/www.w3.org\/2000\/svg\" width=\"17.65\" height=\"13.1\"\n     viewbox=\"0 0 17.65 13.1\"><path d=\"m11.75 13.1-1.275-1.275L14.1 8.2l.85-.575-.1-.3-1.025.125H0V5.625h13.825l1.025.15.1-.3-.85-.575-3.625-3.625L11.75 0l5.9 5.9v1.3Z\"\/><path d=\"m11.75 13.1-1.275-1.275L14.1 8.2l.85-.575-.1-.3-1.025.125H0V5.625h13.825l1.025.15.1-.3-.85-.575-3.625-3.625L11.75 0l5.9 5.9v1.3Z\"\/><\/svg>    <\/span>\n<\/a>\t\t\t\t<\/div>\n\t\t\t\t<\/div>\n\t\t\t\t\t<\/div>\n\t\t<\/div>\n\t\t\t\t\t<\/div>\n\t\t<\/section>\n\t\t\t\t<\/div>","protected":false},"excerpt":{"rendered":"<p>Montaj ve Teknik Destek RunFlat sistemlerinin montaj\u0131, i\u015flevsellik ve h\u0131z a\u00e7\u0131s\u0131ndan optimize edilmi\u015f ekipmanlarla ger\u00e7ekle\u015ftirilir. Basit ve etkili montaj aparatlar\u0131 sayesinde kurulum s\u00fcresi minimuma indirilirken, \u00f6zel aparat ve cihazlara ihtiya\u00e7 duyulmas\u0131 durumunda, Aksa RunFlat\u2019\u0131n geli\u015ftirdi\u011fi yenilik\u00e7i \u00e7\u00f6z\u00fcmler devreye girer. M\u00fc\u015fterilerimizin proje ihtiya\u00e7lar\u0131na \u00f6zel olarak tasarlanan bu ekipmanlar, zaman\u0131nda teslim edilerek operasyonel s\u00fcre\u00e7lerin kesintisiz devam etmesini [&hellip;]<\/p>\n","protected":false},"author":1,"featured_media":0,"parent":0,"menu_order":0,"comment_status":"closed","ping_status":"closed","template":"page-full-width.php","meta":{"footnotes":""},"class_list":["post-8557","page","type-page","status-publish","hentry"],"_links":{"self":[{"href":"https:\/\/www.aksarunflat.com.tr\/en\/wp-json\/wp\/v2\/pages\/8557","targetHints":{"allow":["GET"]}}],"collection":[{"href":"https:\/\/www.aksarunflat.com.tr\/en\/wp-json\/wp\/v2\/pages"}],"about":[{"href":"https:\/\/www.aksarunflat.com.tr\/en\/wp-json\/wp\/v2\/types\/page"}],"author":[{"embeddable":true,"href":"https:\/\/www.aksarunflat.com.tr\/en\/wp-json\/wp\/v2\/users\/1"}],"replies":[{"embeddable":true,"href":"https:\/\/www.aksarunflat.com.tr\/en\/wp-json\/wp\/v2\/comments?post=8557"}],"version-history":[{"count":31,"href":"https:\/\/www.aksarunflat.com.tr\/en\/wp-json\/wp\/v2\/pages\/8557\/revisions"}],"predecessor-version":[{"id":9371,"href":"https:\/\/www.aksarunflat.com.tr\/en\/wp-json\/wp\/v2\/pages\/8557\/revisions\/9371"}],"wp:attachment":[{"href":"https:\/\/www.aksarunflat.com.tr\/en\/wp-json\/wp\/v2\/media?parent=8557"}],"curies":[{"name":"wp","href":"https:\/\/api.w.org\/{rel}","templated":true}]}}