{"id":8536,"date":"2024-12-22T22:53:48","date_gmt":"2024-12-22T22:53:48","guid":{"rendered":"https:\/\/www.aksarunflat.com.tr\/?page_id=8536"},"modified":"2025-02-16T22:33:57","modified_gmt":"2025-02-16T22:33:57","slug":"jant-lastik-cozumleri","status":"publish","type":"page","link":"https:\/\/www.aksarunflat.com.tr\/en\/jant-lastik-cozumleri\/","title":{"rendered":"Wheel and Tyre Solutions"},"content":{"rendered":"<div data-elementor-type=\"wp-page\" data-elementor-id=\"8536\" class=\"elementor elementor-8536\">\n\t\t\t\t\t\t<section class=\"elementor-section elementor-top-section elementor-element elementor-element-7115ac9 elementor-section-full_width qodef-elementor-content-grid elementor-section-height-default elementor-section-height-default\" data-id=\"7115ac9\" data-element_type=\"section\" data-e-type=\"section\" data-settings=\"{&quot;background_background&quot;:&quot;classic&quot;}\">\n\t\t\t\t\t\t<div class=\"elementor-container elementor-column-gap-default\">\n\t\t\t\t\t<div class=\"elementor-column elementor-col-100 elementor-top-column elementor-element elementor-element-c0f789a\" data-id=\"c0f789a\" data-element_type=\"column\" data-e-type=\"column\">\n\t\t\t<div class=\"elementor-widget-wrap elementor-element-populated\">\n\t\t\t\t\t\t<div class=\"elementor-element elementor-element-6dcac7b elementor-widget elementor-widget-manufaktursolutions_core_section_title\" data-id=\"6dcac7b\" data-element_type=\"widget\" data-e-type=\"widget\" data-widget_type=\"manufaktursolutions_core_section_title.default\">\n\t\t\t\t<div class=\"elementor-widget-container\">\n\t\t\t\t\t<div class=\"qodef-shortcode qodef-m  qodef-section-title qodef-alignment--left\">\n\t\t\t<h1 class=\"qodef-m-title\" style=\"color: #FFFFFF\">\n\t\t\t\t\tRims and<br \/> Tyre Solutions\t\t\t<\/h1>\n\t\t<\/div>\n\t\t\t\t<\/div>\n\t\t\t\t<\/div>\n\t\t\t\t\t<\/div>\n\t\t<\/div>\n\t\t\t\t\t<\/div>\n\t\t<\/section>\n\t\t\t\t<section class=\"elementor-section elementor-top-section elementor-element elementor-element-eff676f elementor-section-full_width qodef-elementor-content-grid elementor-section-height-default elementor-section-height-default\" data-id=\"eff676f\" data-element_type=\"section\" data-e-type=\"section\" data-settings=\"{&quot;background_background&quot;:&quot;classic&quot;}\">\n\t\t\t\t\t\t<div class=\"elementor-container elementor-column-gap-default\">\n\t\t\t\t\t<div class=\"elementor-column elementor-col-50 elementor-top-column elementor-element elementor-element-d3076ab\" data-id=\"d3076ab\" data-element_type=\"column\" data-e-type=\"column\">\n\t\t\t<div class=\"elementor-widget-wrap elementor-element-populated\">\n\t\t\t\t\t\t<div class=\"elementor-element elementor-element-ef09b41 elementor-widget elementor-widget-image\" data-id=\"ef09b41\" data-element_type=\"widget\" data-e-type=\"widget\" data-widget_type=\"image.default\">\n\t\t\t\t\t\t\t\t\t\t\t\t\t\t\t<img fetchpriority=\"high\" decoding=\"async\" width=\"768\" height=\"768\" src=\"https:\/\/www.aksarunflat.com.tr\/wp-content\/uploads\/2025\/01\/aksa-wheel-3.png\" class=\"attachment-medium_large size-medium_large wp-image-9099\" alt=\"\" srcset=\"https:\/\/www.aksarunflat.com.tr\/wp-content\/uploads\/2025\/01\/aksa-wheel-3.png 768w, https:\/\/www.aksarunflat.com.tr\/wp-content\/uploads\/2025\/01\/aksa-wheel-3-300x300.png 300w, https:\/\/www.aksarunflat.com.tr\/wp-content\/uploads\/2025\/01\/aksa-wheel-3-150x150.png 150w, https:\/\/www.aksarunflat.com.tr\/wp-content\/uploads\/2025\/01\/aksa-wheel-3-650x650.png 650w\" sizes=\"(max-width: 768px) 100vw, 768px\" \/>\t\t\t\t\t\t\t\t\t\t\t\t\t\t\t<\/div>\n\t\t\t\t<div class=\"elementor-element elementor-element-9426c14 elementor-widget elementor-widget-image\" data-id=\"9426c14\" data-element_type=\"widget\" data-e-type=\"widget\" data-widget_type=\"image.default\">\n\t\t\t\t\t\t\t\t\t\t\t\t\t\t\t<img decoding=\"async\" width=\"768\" height=\"768\" src=\"https:\/\/www.aksarunflat.com.tr\/wp-content\/uploads\/2025\/01\/jant_teknik-768x768.png\" class=\"attachment-medium_large size-medium_large wp-image-8878\" alt=\"\" srcset=\"https:\/\/www.aksarunflat.com.tr\/wp-content\/uploads\/2025\/01\/jant_teknik-768x768.png 768w, https:\/\/www.aksarunflat.com.tr\/wp-content\/uploads\/2025\/01\/jant_teknik-300x300.png 300w, https:\/\/www.aksarunflat.com.tr\/wp-content\/uploads\/2025\/01\/jant_teknik-1024x1024.png 1024w, https:\/\/www.aksarunflat.com.tr\/wp-content\/uploads\/2025\/01\/jant_teknik-150x150.png 150w, https:\/\/www.aksarunflat.com.tr\/wp-content\/uploads\/2025\/01\/jant_teknik-650x650.png 650w, https:\/\/www.aksarunflat.com.tr\/wp-content\/uploads\/2025\/01\/jant_teknik.png 1100w\" sizes=\"(max-width: 768px) 100vw, 768px\" \/>\t\t\t\t\t\t\t\t\t\t\t\t\t\t\t<\/div>\n\t\t\t\t\t<\/div>\n\t\t<\/div>\n\t\t\t\t<div class=\"elementor-column elementor-col-50 elementor-top-column elementor-element elementor-element-60820a2\" data-id=\"60820a2\" data-element_type=\"column\" data-e-type=\"column\">\n\t\t\t<div class=\"elementor-widget-wrap elementor-element-populated\">\n\t\t\t\t\t\t<section class=\"elementor-section elementor-inner-section elementor-element elementor-element-ad46c12 elementor-section-boxed elementor-section-height-default elementor-section-height-default qodef-elementor-content-no\" data-id=\"ad46c12\" data-element_type=\"section\" data-e-type=\"section\">\n\t\t\t\t\t\t<div class=\"elementor-container elementor-column-gap-default\">\n\t\t\t\t\t<div class=\"elementor-column elementor-col-50 elementor-inner-column elementor-element elementor-element-e6c66b8\" data-id=\"e6c66b8\" data-element_type=\"column\" data-e-type=\"column\">\n\t\t\t<div class=\"elementor-widget-wrap elementor-element-populated\">\n\t\t\t\t\t\t<div class=\"elementor-element elementor-element-5777e3e elementor-widget elementor-widget-manufaktursolutions_core_single_image\" data-id=\"5777e3e\" data-element_type=\"widget\" data-e-type=\"widget\" data-widget_type=\"manufaktursolutions_core_single_image.default\">\n\t\t\t\t<div class=\"elementor-widget-container\">\n\t\t\t\t\t<div class=\"qodef-shortcode qodef-m  qodef-single-image qodef-layout--default  qodef--retina\">\n\t<\/div>\n\t\t\t\t<\/div>\n\t\t\t\t<\/div>\n\t\t\t\t\t<\/div>\n\t\t<\/div>\n\t\t\t\t<div class=\"elementor-column elementor-col-50 elementor-inner-column elementor-element elementor-element-82c1d71\" data-id=\"82c1d71\" data-element_type=\"column\" data-e-type=\"column\">\n\t\t\t<div class=\"elementor-widget-wrap elementor-element-populated\">\n\t\t\t\t\t\t<div class=\"elementor-element elementor-element-2be894c elementor-widget elementor-widget-manufaktursolutions_core_section_title\" data-id=\"2be894c\" data-element_type=\"widget\" data-e-type=\"widget\" data-widget_type=\"manufaktursolutions_core_section_title.default\">\n\t\t\t\t<div class=\"elementor-widget-container\">\n\t\t\t\t\t<div class=\"qodef-shortcode qodef-m  qodef-section-title qodef-alignment--left\">\n\t\t\t<h6 class=\"qodef-m-title\" >\n\t\t\t\t\tCorrect wheel and tyre selection is critical for the efficient operation of RunFlat systems. \t\t\t<\/h6>\n\t\t<\/div>\n\t\t\t\t<\/div>\n\t\t\t\t<\/div>\n\t\t\t\t<div class=\"elementor-element elementor-element-047ae69 elementor-widget elementor-widget-manufaktursolutions_core_section_title\" data-id=\"047ae69\" data-element_type=\"widget\" data-e-type=\"widget\" data-widget_type=\"manufaktursolutions_core_section_title.default\">\n\t\t\t\t<div class=\"elementor-widget-container\">\n\t\t\t\t\t<div class=\"qodef-shortcode qodef-m  qodef-section-title qodef-alignment--left\">\n\t\t\t\t\t<p class=\"qodef-m-text\" style=\"margin-top: 11px\">Aksa RunFlat offers its customers a wide range of products and technical support in this area. Steel wheels are preferred especially in armoured vehicles and provide the advantage of lower cost and high impact resistance compared to aluminium wheels.\n\n\nAksa Wheel, another brand of our Group, produces forged aluminium wheels for armoured vehicles. Our forged aluminium wheels provide a significant lightweight advantage compared to steel wheels, while offering critical performance features such as superior corrosion resistance, high strength and effective heat dissipation. Thanks to its lightweight design, it increases the manoeuvrability of vehicles and contributes to fuel efficiency. In addition, forged aluminium wheels manufactured with high-end technologies offer high design flexibility that can be customised according to the specific demands of our customers.\n\n\nIn line with the needs of our customers, it is possible to offer wheels and tyres integrated with the RunFlat system as a subsystem. This integrated system offers a cost-effective and user-friendly solution that improves vehicle performance in challenging conditions. Aksa RunFlat continues to strengthen its leading position in the sector with its wide product range and innovative solutions.<\/p>\n<\/div>\n\t\t\t\t<\/div>\n\t\t\t\t<\/div>\n\t\t\t\t<div class=\"elementor-element elementor-element-7ae6ecd elementor-widget elementor-widget-manufaktursolutions_core_separator\" data-id=\"7ae6ecd\" data-element_type=\"widget\" data-e-type=\"widget\" data-widget_type=\"manufaktursolutions_core_separator.default\">\n\t\t\t\t<div class=\"elementor-widget-container\">\n\t\t\t\t\t<div class=\"qodef-shortcode qodef-m  qodef-separator clear\">\n\t<div class=\"qodef-m-line\" style=\"border-color: #15141C\"><\/div>\n<\/div>\n\t\t\t\t<\/div>\n\t\t\t\t<\/div>\n\t\t\t\t<div class=\"elementor-element elementor-element-b3b7aab elementor-widget elementor-widget-manufaktursolutions_core_button\" data-id=\"b3b7aab\" data-element_type=\"widget\" data-e-type=\"widget\" data-widget_type=\"manufaktursolutions_core_button.default\">\n\t\t\t\t<div class=\"elementor-widget-container\">\n\t\t\t\t\t<a class=\"qodef-shortcode qodef-m  qodef-button qodef-layout--filled  qodef-html--link\" href=\"\/en\/iletisim\/\" target=\"_self\"  >\n\t<span class=\"qodef-m-text\">Detailed Information<\/span>\n\t<span class=\"qodef-m-button-arrow-holder\" >\n        <svg class=\"qodef-svg--button-arrow\" xmlns=\"http:\/\/www.w3.org\/2000\/svg\" width=\"17.65\" height=\"13.1\"\n     viewbox=\"0 0 17.65 13.1\"><path d=\"m11.75 13.1-1.275-1.275L14.1 8.2l.85-.575-.1-.3-1.025.125H0V5.625h13.825l1.025.15.1-.3-.85-.575-3.625-3.625L11.75 0l5.9 5.9v1.3Z\"\/><path d=\"m11.75 13.1-1.275-1.275L14.1 8.2l.85-.575-.1-.3-1.025.125H0V5.625h13.825l1.025.15.1-.3-.85-.575-3.625-3.625L11.75 0l5.9 5.9v1.3Z\"\/><\/svg>    <\/span>\n<\/a>\n\t\t\t\t<\/div>\n\t\t\t\t<\/div>\n\t\t\t\t<div class=\"elementor-element elementor-element-5a9f3c4 elementor-widget elementor-widget-manufaktursolutions_core_separator\" data-id=\"5a9f3c4\" data-element_type=\"widget\" data-e-type=\"widget\" data-widget_type=\"manufaktursolutions_core_separator.default\">\n\t\t\t\t<div class=\"elementor-widget-container\">\n\t\t\t\t\t<div class=\"qodef-shortcode qodef-m  qodef-separator clear\">\n\t<div class=\"qodef-m-line\" style=\"border-color: #15141C\"><\/div>\n<\/div>\n\t\t\t\t<\/div>\n\t\t\t\t<\/div>\n\t\t\t\t\t<\/div>\n\t\t<\/div>\n\t\t\t\t\t<\/div>\n\t\t<\/section>\n\t\t\t\t\t<\/div>\n\t\t<\/div>\n\t\t\t\t\t<\/div>\n\t\t<\/section>\n\t\t\t\t<section class=\"elementor-section elementor-top-section elementor-element elementor-element-74fd15c elementor-section-full_width qodef-elementor-content-grid elementor-section-height-default elementor-section-height-default\" data-id=\"74fd15c\" data-element_type=\"section\" data-e-type=\"section\" data-settings=\"{&quot;background_background&quot;:&quot;classic&quot;}\">\n\t\t\t\t\t\t<div class=\"elementor-container elementor-column-gap-default\">\n\t\t\t\t\t<div class=\"elementor-column elementor-col-100 elementor-top-column elementor-element elementor-element-c93f86d\" data-id=\"c93f86d\" data-element_type=\"column\" data-e-type=\"column\">\n\t\t\t<div class=\"elementor-widget-wrap elementor-element-populated\">\n\t\t\t\t\t\t<div class=\"elementor-element elementor-element-725fd59 elementor-widget elementor-widget-manufaktursolutions_core_section_title\" data-id=\"725fd59\" data-element_type=\"widget\" data-e-type=\"widget\" data-widget_type=\"manufaktursolutions_core_section_title.default\">\n\t\t\t\t<div class=\"elementor-widget-container\">\n\t\t\t\t\t<div class=\"qodef-shortcode qodef-m  qodef-section-title qodef-alignment--left\">\n\t\t<p class=\"qodef-m-highlight-text\" style=\"margin-bottom: 18px\">Quality<\/p>\n\t\t<h3 class=\"qodef-m-title\" style=\"color: #FFFFFF\">\n\t\t\t\t\tDurability and safety guaranteed by state-of-the-art technology\t\t\t<\/h3>\n\t\t<\/div>\n\t\t\t\t<\/div>\n\t\t\t\t<\/div>\n\t\t\t\t<div class=\"elementor-element elementor-element-b70f3a1 elementor-widget elementor-widget-manufaktursolutions_core_button\" data-id=\"b70f3a1\" data-element_type=\"widget\" data-e-type=\"widget\" data-widget_type=\"manufaktursolutions_core_button.default\">\n\t\t\t\t<div class=\"elementor-widget-container\">\n\t\t\t\t\t<a class=\"qodef-shortcode qodef-m  qodef-button qodef-layout--outlined  qodef-html--link\" href=\"\/en\/iletisim\/\" target=\"_self\"  style=\"color: #FFFFFF\">\n\t<span class=\"qodef-m-text\">Contact Us<\/span>\n    <span class=\"qodef-m-button-arrow-holder\" >\n        <svg class=\"qodef-svg--button-arrow\" xmlns=\"http:\/\/www.w3.org\/2000\/svg\" width=\"17.65\" height=\"13.1\"\n     viewbox=\"0 0 17.65 13.1\"><path d=\"m11.75 13.1-1.275-1.275L14.1 8.2l.85-.575-.1-.3-1.025.125H0V5.625h13.825l1.025.15.1-.3-.85-.575-3.625-3.625L11.75 0l5.9 5.9v1.3Z\"\/><path d=\"m11.75 13.1-1.275-1.275L14.1 8.2l.85-.575-.1-.3-1.025.125H0V5.625h13.825l1.025.15.1-.3-.85-.575-3.625-3.625L11.75 0l5.9 5.9v1.3Z\"\/><\/svg>    <\/span>\n<\/a>\t\t\t\t<\/div>\n\t\t\t\t<\/div>\n\t\t\t\t\t<\/div>\n\t\t<\/div>\n\t\t\t\t\t<\/div>\n\t\t<\/section>\n\t\t\t\t<\/div>","protected":false},"excerpt":{"rendered":"<p>Jant ve Lastik \u00c7\u00f6z\u00fcmleri RunFlat sistemlerinin verimli \u00e7al\u0131\u015fabilmesi i\u00e7in do\u011fru jant ve lastik se\u00e7imi kritik \u00f6neme sahiptir. Aksa RunFlat, bu konuda m\u00fc\u015fterilerine geni\u015f bir \u00fcr\u00fcn yelpazesi ve teknik destek sunmaktad\u0131r. \u00c7elik jantlar, \u00f6zellikle z\u0131rhl\u0131 ara\u00e7larda tercih edilmekte olup, al\u00fcminyum jantlara k\u0131yasla daha d\u00fc\u015f\u00fck maliyet ve y\u00fcksek darbe dayan\u0131m\u0131 avantaj\u0131 sa\u011flamaktad\u0131r. Grubumuzun bir di\u011fer markas\u0131 olan [&hellip;]<\/p>\n","protected":false},"author":1,"featured_media":0,"parent":0,"menu_order":0,"comment_status":"closed","ping_status":"closed","template":"page-full-width.php","meta":{"footnotes":""},"class_list":["post-8536","page","type-page","status-publish","hentry"],"_links":{"self":[{"href":"https:\/\/www.aksarunflat.com.tr\/en\/wp-json\/wp\/v2\/pages\/8536","targetHints":{"allow":["GET"]}}],"collection":[{"href":"https:\/\/www.aksarunflat.com.tr\/en\/wp-json\/wp\/v2\/pages"}],"about":[{"href":"https:\/\/www.aksarunflat.com.tr\/en\/wp-json\/wp\/v2\/types\/page"}],"author":[{"embeddable":true,"href":"https:\/\/www.aksarunflat.com.tr\/en\/wp-json\/wp\/v2\/users\/1"}],"replies":[{"embeddable":true,"href":"https:\/\/www.aksarunflat.com.tr\/en\/wp-json\/wp\/v2\/comments?post=8536"}],"version-history":[{"count":40,"href":"https:\/\/www.aksarunflat.com.tr\/en\/wp-json\/wp\/v2\/pages\/8536\/revisions"}],"predecessor-version":[{"id":9368,"href":"https:\/\/www.aksarunflat.com.tr\/en\/wp-json\/wp\/v2\/pages\/8536\/revisions\/9368"}],"wp:attachment":[{"href":"https:\/\/www.aksarunflat.com.tr\/en\/wp-json\/wp\/v2\/media?parent=8536"}],"curies":[{"name":"wp","href":"https:\/\/api.w.org\/{rel}","templated":true}]}}