{"id":8527,"date":"2024-12-22T22:41:05","date_gmt":"2024-12-22T22:41:05","guid":{"rendered":"https:\/\/www.aksarunflat.com.tr\/?page_id=8527"},"modified":"2025-02-16T22:32:11","modified_gmt":"2025-02-16T22:32:11","slug":"runflat-sistemleri-tasarimi-uretimi","status":"publish","type":"page","link":"https:\/\/www.aksarunflat.com.tr\/en\/runflat-sistemleri-tasarimi-uretimi\/","title":{"rendered":"RunFlat Systems Design and Production"},"content":{"rendered":"<div data-elementor-type=\"wp-page\" data-elementor-id=\"8527\" class=\"elementor elementor-8527\">\n\t\t\t\t\t\t<section class=\"elementor-section elementor-top-section elementor-element elementor-element-15c3f12 elementor-section-full_width qodef-elementor-content-grid elementor-section-height-min-height elementor-section-height-default elementor-section-items-middle\" data-id=\"15c3f12\" data-element_type=\"section\" data-e-type=\"section\" data-settings=\"{&quot;background_background&quot;:&quot;classic&quot;}\">\n\t\t\t\t\t\t<div class=\"elementor-container elementor-column-gap-default\">\n\t\t\t\t\t<div class=\"elementor-column elementor-col-100 elementor-top-column elementor-element elementor-element-3a48aca\" data-id=\"3a48aca\" data-element_type=\"column\" data-e-type=\"column\">\n\t\t\t<div class=\"elementor-widget-wrap elementor-element-populated\">\n\t\t\t\t\t\t<div class=\"elementor-element elementor-element-12a1787 elementor-widget elementor-widget-manufaktursolutions_core_section_title\" data-id=\"12a1787\" data-element_type=\"widget\" data-e-type=\"widget\" data-widget_type=\"manufaktursolutions_core_section_title.default\">\n\t\t\t\t<div class=\"elementor-widget-container\">\n\t\t\t\t\t<div class=\"qodef-shortcode qodef-m  qodef-section-title qodef-alignment--left\">\n\t\t\t<h1 class=\"qodef-m-title\" style=\"color: #FFFFFF\">\n\t\t\t\t\tRunFlat Systems<br \/> Design and Production\t\t\t<\/h1>\n\t\t<\/div>\n\t\t\t\t<\/div>\n\t\t\t\t<\/div>\n\t\t\t\t\t<\/div>\n\t\t<\/div>\n\t\t\t\t\t<\/div>\n\t\t<\/section>\n\t\t\t\t<section class=\"elementor-section elementor-top-section elementor-element elementor-element-eff676f elementor-section-full_width qodef-elementor-content-grid elementor-section-height-default elementor-section-height-default\" data-id=\"eff676f\" data-element_type=\"section\" data-e-type=\"section\" data-settings=\"{&quot;background_background&quot;:&quot;classic&quot;}\">\n\t\t\t\t\t\t<div class=\"elementor-container elementor-column-gap-default\">\n\t\t\t\t\t<div class=\"elementor-column elementor-col-50 elementor-top-column elementor-element elementor-element-d3076ab\" data-id=\"d3076ab\" data-element_type=\"column\" data-e-type=\"column\">\n\t\t\t<div class=\"elementor-widget-wrap elementor-element-populated\">\n\t\t\t\t\t\t<div class=\"elementor-element elementor-element-9426c14 elementor-widget elementor-widget-image\" data-id=\"9426c14\" data-element_type=\"widget\" data-e-type=\"widget\" data-widget_type=\"image.default\">\n\t\t\t\t\t\t\t\t\t\t\t\t\t\t\t<img fetchpriority=\"high\" decoding=\"async\" width=\"768\" height=\"768\" src=\"https:\/\/www.aksarunflat.com.tr\/wp-content\/uploads\/2025\/01\/runflaticerikk-768x768.png\" class=\"attachment-medium_large size-medium_large wp-image-8897\" alt=\"\" srcset=\"https:\/\/www.aksarunflat.com.tr\/wp-content\/uploads\/2025\/01\/runflaticerikk-768x768.png 768w, https:\/\/www.aksarunflat.com.tr\/wp-content\/uploads\/2025\/01\/runflaticerikk-300x300.png 300w, https:\/\/www.aksarunflat.com.tr\/wp-content\/uploads\/2025\/01\/runflaticerikk-1024x1024.png 1024w, https:\/\/www.aksarunflat.com.tr\/wp-content\/uploads\/2025\/01\/runflaticerikk-150x150.png 150w, https:\/\/www.aksarunflat.com.tr\/wp-content\/uploads\/2025\/01\/runflaticerikk-650x650.png 650w, https:\/\/www.aksarunflat.com.tr\/wp-content\/uploads\/2025\/01\/runflaticerikk.png 1100w\" sizes=\"(max-width: 768px) 100vw, 768px\" \/>\t\t\t\t\t\t\t\t\t\t\t\t\t\t\t<\/div>\n\t\t\t\t<div class=\"elementor-element elementor-element-6cfcced elementor-widget elementor-widget-image\" data-id=\"6cfcced\" data-element_type=\"widget\" data-e-type=\"widget\" data-widget_type=\"image.default\">\n\t\t\t\t\t\t\t\t\t\t\t\t\t\t\t<img decoding=\"async\" width=\"1024\" height=\"1024\" src=\"https:\/\/www.aksarunflat.com.tr\/wp-content\/uploads\/2025\/01\/runflat_teknik-1024x1024.png\" class=\"attachment-large size-large wp-image-8874\" alt=\"\" srcset=\"https:\/\/www.aksarunflat.com.tr\/wp-content\/uploads\/2025\/01\/runflat_teknik-1024x1024.png 1024w, https:\/\/www.aksarunflat.com.tr\/wp-content\/uploads\/2025\/01\/runflat_teknik-300x300.png 300w, https:\/\/www.aksarunflat.com.tr\/wp-content\/uploads\/2025\/01\/runflat_teknik-150x150.png 150w, https:\/\/www.aksarunflat.com.tr\/wp-content\/uploads\/2025\/01\/runflat_teknik-768x768.png 768w, https:\/\/www.aksarunflat.com.tr\/wp-content\/uploads\/2025\/01\/runflat_teknik-650x650.png 650w, https:\/\/www.aksarunflat.com.tr\/wp-content\/uploads\/2025\/01\/runflat_teknik.png 1100w\" sizes=\"(max-width: 1024px) 100vw, 1024px\" \/>\t\t\t\t\t\t\t\t\t\t\t\t\t\t\t<\/div>\n\t\t\t\t\t<\/div>\n\t\t<\/div>\n\t\t\t\t<div class=\"elementor-column elementor-col-50 elementor-top-column elementor-element elementor-element-60820a2\" data-id=\"60820a2\" data-element_type=\"column\" data-e-type=\"column\">\n\t\t\t<div class=\"elementor-widget-wrap elementor-element-populated\">\n\t\t\t\t\t\t<section class=\"elementor-section elementor-inner-section elementor-element elementor-element-ad46c12 elementor-section-boxed elementor-section-height-default elementor-section-height-default qodef-elementor-content-no\" data-id=\"ad46c12\" data-element_type=\"section\" data-e-type=\"section\">\n\t\t\t\t\t\t<div class=\"elementor-container elementor-column-gap-default\">\n\t\t\t\t\t<div class=\"elementor-column elementor-col-50 elementor-inner-column elementor-element elementor-element-e6c66b8\" data-id=\"e6c66b8\" data-element_type=\"column\" data-e-type=\"column\">\n\t\t\t<div class=\"elementor-widget-wrap elementor-element-populated\">\n\t\t\t\t\t\t<div class=\"elementor-element elementor-element-5777e3e elementor-widget elementor-widget-manufaktursolutions_core_single_image\" data-id=\"5777e3e\" data-element_type=\"widget\" data-e-type=\"widget\" data-widget_type=\"manufaktursolutions_core_single_image.default\">\n\t\t\t\t<div class=\"elementor-widget-container\">\n\t\t\t\t\t<div class=\"qodef-shortcode qodef-m  qodef-single-image qodef-layout--default  qodef--retina\">\n\t<\/div>\n\t\t\t\t<\/div>\n\t\t\t\t<\/div>\n\t\t\t\t\t<\/div>\n\t\t<\/div>\n\t\t\t\t<div class=\"elementor-column elementor-col-50 elementor-inner-column elementor-element elementor-element-82c1d71\" data-id=\"82c1d71\" data-element_type=\"column\" data-e-type=\"column\">\n\t\t\t<div class=\"elementor-widget-wrap elementor-element-populated\">\n\t\t\t\t\t\t<div class=\"elementor-element elementor-element-2be894c elementor-widget elementor-widget-manufaktursolutions_core_section_title\" data-id=\"2be894c\" data-element_type=\"widget\" data-e-type=\"widget\" data-widget_type=\"manufaktursolutions_core_section_title.default\">\n\t\t\t\t<div class=\"elementor-widget-container\">\n\t\t\t\t\t<div class=\"qodef-shortcode qodef-m  qodef-section-title qodef-alignment--left\">\n\t\t\t<h6 class=\"qodef-m-title\" >\n\t\t\t\t\tAksa RunFlat makes a difference in the sector with its RunFlat systems designed to offer maximum durability and safety under harsh conditions.\t\t\t<\/h6>\n\t\t<\/div>\n\t\t\t\t<\/div>\n\t\t\t\t<\/div>\n\t\t\t\t<div class=\"elementor-element elementor-element-047ae69 elementor-widget-mobile__width-inherit elementor-widget elementor-widget-manufaktursolutions_core_section_title\" data-id=\"047ae69\" data-element_type=\"widget\" data-e-type=\"widget\" data-widget_type=\"manufaktursolutions_core_section_title.default\">\n\t\t\t\t<div class=\"elementor-widget-container\">\n\t\t\t\t\t<div class=\"qodef-shortcode qodef-m  qodef-section-title qodef-alignment--left\">\n\t\t\t\t\t<p class=\"qodef-m-text\" style=\"margin-top: 11px\"> It serves the civil and military sectors with three different product groups: two-piece, three-piece and hybrid. These systems are specially designed and supplied quickly, taking into account the specifications required by our customers, such as diameter, weight, speed and tyre type.\n\nOur RunFlat systems are designed to meet NATO BR7 ballistic protection standards. This ensures superior performance in armoured vehicles and other applications requiring military use. Up to 28 inch wheel sizes are available in standard supply, while custom design and production solutions are available for larger wheels. All of our products are characterised by their durability and compliance with international standards.<\/p>\n<\/div>\n\t\t\t\t<\/div>\n\t\t\t\t<\/div>\n\t\t\t\t<div class=\"elementor-element elementor-element-7ae6ecd elementor-widget elementor-widget-manufaktursolutions_core_separator\" data-id=\"7ae6ecd\" data-element_type=\"widget\" data-e-type=\"widget\" data-widget_type=\"manufaktursolutions_core_separator.default\">\n\t\t\t\t<div class=\"elementor-widget-container\">\n\t\t\t\t\t<div class=\"qodef-shortcode qodef-m  qodef-separator clear\">\n\t<div class=\"qodef-m-line\" style=\"border-color: #15141C\"><\/div>\n<\/div>\n\t\t\t\t<\/div>\n\t\t\t\t<\/div>\n\t\t\t\t<div class=\"elementor-element elementor-element-b3b7aab elementor-widget elementor-widget-manufaktursolutions_core_button\" data-id=\"b3b7aab\" data-element_type=\"widget\" data-e-type=\"widget\" data-widget_type=\"manufaktursolutions_core_button.default\">\n\t\t\t\t<div class=\"elementor-widget-container\">\n\t\t\t\t\t<a class=\"qodef-shortcode qodef-m  qodef-button qodef-layout--filled  qodef-html--link\" href=\"\/en\/iletisim\/\" target=\"_self\"  >\n\t<span class=\"qodef-m-text\">Detailed Information<\/span>\n\t<span class=\"qodef-m-button-arrow-holder\" >\n        <svg class=\"qodef-svg--button-arrow\" xmlns=\"http:\/\/www.w3.org\/2000\/svg\" width=\"17.65\" height=\"13.1\"\n     viewbox=\"0 0 17.65 13.1\"><path d=\"m11.75 13.1-1.275-1.275L14.1 8.2l.85-.575-.1-.3-1.025.125H0V5.625h13.825l1.025.15.1-.3-.85-.575-3.625-3.625L11.75 0l5.9 5.9v1.3Z\"\/><path d=\"m11.75 13.1-1.275-1.275L14.1 8.2l.85-.575-.1-.3-1.025.125H0V5.625h13.825l1.025.15.1-.3-.85-.575-3.625-3.625L11.75 0l5.9 5.9v1.3Z\"\/><\/svg>    <\/span>\n<\/a>\n\t\t\t\t<\/div>\n\t\t\t\t<\/div>\n\t\t\t\t<div class=\"elementor-element elementor-element-5a9f3c4 elementor-widget elementor-widget-manufaktursolutions_core_separator\" data-id=\"5a9f3c4\" data-element_type=\"widget\" data-e-type=\"widget\" data-widget_type=\"manufaktursolutions_core_separator.default\">\n\t\t\t\t<div class=\"elementor-widget-container\">\n\t\t\t\t\t<div class=\"qodef-shortcode qodef-m  qodef-separator clear\">\n\t<div class=\"qodef-m-line\" style=\"border-color: #15141C\"><\/div>\n<\/div>\n\t\t\t\t<\/div>\n\t\t\t\t<\/div>\n\t\t\t\t\t<\/div>\n\t\t<\/div>\n\t\t\t\t\t<\/div>\n\t\t<\/section>\n\t\t\t\t\t<\/div>\n\t\t<\/div>\n\t\t\t\t\t<\/div>\n\t\t<\/section>\n\t\t\t\t<section class=\"elementor-section elementor-top-section elementor-element elementor-element-74fd15c elementor-section-full_width qodef-elementor-content-grid elementor-section-height-default elementor-section-height-default\" data-id=\"74fd15c\" data-element_type=\"section\" data-e-type=\"section\" data-settings=\"{&quot;background_background&quot;:&quot;classic&quot;}\">\n\t\t\t\t\t\t<div class=\"elementor-container elementor-column-gap-default\">\n\t\t\t\t\t<div class=\"elementor-column elementor-col-100 elementor-top-column elementor-element elementor-element-c93f86d\" data-id=\"c93f86d\" data-element_type=\"column\" data-e-type=\"column\">\n\t\t\t<div class=\"elementor-widget-wrap elementor-element-populated\">\n\t\t\t\t\t\t<div class=\"elementor-element elementor-element-725fd59 elementor-widget elementor-widget-manufaktursolutions_core_section_title\" data-id=\"725fd59\" data-element_type=\"widget\" data-e-type=\"widget\" data-widget_type=\"manufaktursolutions_core_section_title.default\">\n\t\t\t\t<div class=\"elementor-widget-container\">\n\t\t\t\t\t<div class=\"qodef-shortcode qodef-m  qodef-section-title qodef-alignment--left\">\n\t\t<p class=\"qodef-m-highlight-text\" style=\"margin-bottom: 18px\">Quality<\/p>\n\t\t<h3 class=\"qodef-m-title\" style=\"color: #FFFFFF\">\n\t\t\t\t\tDurability and safety guaranteed by state-of-the-art technology\t\t\t<\/h3>\n\t\t<\/div>\n\t\t\t\t<\/div>\n\t\t\t\t<\/div>\n\t\t\t\t<div class=\"elementor-element elementor-element-b70f3a1 elementor-widget elementor-widget-manufaktursolutions_core_button\" data-id=\"b70f3a1\" data-element_type=\"widget\" data-e-type=\"widget\" data-widget_type=\"manufaktursolutions_core_button.default\">\n\t\t\t\t<div class=\"elementor-widget-container\">\n\t\t\t\t\t<a class=\"qodef-shortcode qodef-m  qodef-button qodef-layout--outlined  qodef-html--link\" href=\"\/en\/iletisim\/\" target=\"_self\"  style=\"color: #FFFFFF\">\n\t<span class=\"qodef-m-text\">Contact Us<\/span>\n    <span class=\"qodef-m-button-arrow-holder\" >\n        <svg class=\"qodef-svg--button-arrow\" xmlns=\"http:\/\/www.w3.org\/2000\/svg\" width=\"17.65\" height=\"13.1\"\n     viewbox=\"0 0 17.65 13.1\"><path d=\"m11.75 13.1-1.275-1.275L14.1 8.2l.85-.575-.1-.3-1.025.125H0V5.625h13.825l1.025.15.1-.3-.85-.575-3.625-3.625L11.75 0l5.9 5.9v1.3Z\"\/><path d=\"m11.75 13.1-1.275-1.275L14.1 8.2l.85-.575-.1-.3-1.025.125H0V5.625h13.825l1.025.15.1-.3-.85-.575-3.625-3.625L11.75 0l5.9 5.9v1.3Z\"\/><\/svg>    <\/span>\n<\/a>\t\t\t\t<\/div>\n\t\t\t\t<\/div>\n\t\t\t\t\t<\/div>\n\t\t<\/div>\n\t\t\t\t\t<\/div>\n\t\t<\/section>\n\t\t\t\t<\/div>","protected":false},"excerpt":{"rendered":"<p>RunFlat Sistemleri Tasar\u0131m\u0131 ve \u00dcretimi Aksa RunFlat, zorlu ko\u015fullar alt\u0131nda maksimum dayan\u0131kl\u0131l\u0131k ve g\u00fcvenlik sunmak amac\u0131yla tasarlad\u0131\u011f\u0131 RunFlat sistemleriyle sekt\u00f6rde fark yaratmaktad\u0131r. \u0130ki par\u00e7al\u0131, \u00fc\u00e7 par\u00e7al\u0131 ve hibrit olmak \u00fczere \u00fc\u00e7 farkl\u0131 \u00fcr\u00fcn grubu ile sivil ve askeri sekt\u00f6rlere hizmet vermektedir. Bu sistemler, m\u00fc\u015fterilerimizin ihtiya\u00e7 duydu\u011fu \u00e7ap, a\u011f\u0131rl\u0131k, h\u0131z ve lastik tipi gibi \u00f6zellikler g\u00f6z [&hellip;]<\/p>\n","protected":false},"author":1,"featured_media":0,"parent":0,"menu_order":0,"comment_status":"closed","ping_status":"closed","template":"page-full-width.php","meta":{"footnotes":""},"class_list":["post-8527","page","type-page","status-publish","hentry"],"_links":{"self":[{"href":"https:\/\/www.aksarunflat.com.tr\/en\/wp-json\/wp\/v2\/pages\/8527","targetHints":{"allow":["GET"]}}],"collection":[{"href":"https:\/\/www.aksarunflat.com.tr\/en\/wp-json\/wp\/v2\/pages"}],"about":[{"href":"https:\/\/www.aksarunflat.com.tr\/en\/wp-json\/wp\/v2\/types\/page"}],"author":[{"embeddable":true,"href":"https:\/\/www.aksarunflat.com.tr\/en\/wp-json\/wp\/v2\/users\/1"}],"replies":[{"embeddable":true,"href":"https:\/\/www.aksarunflat.com.tr\/en\/wp-json\/wp\/v2\/comments?post=8527"}],"version-history":[{"count":46,"href":"https:\/\/www.aksarunflat.com.tr\/en\/wp-json\/wp\/v2\/pages\/8527\/revisions"}],"predecessor-version":[{"id":9365,"href":"https:\/\/www.aksarunflat.com.tr\/en\/wp-json\/wp\/v2\/pages\/8527\/revisions\/9365"}],"wp:attachment":[{"href":"https:\/\/www.aksarunflat.com.tr\/en\/wp-json\/wp\/v2\/media?parent=8527"}],"curies":[{"name":"wp","href":"https:\/\/api.w.org\/{rel}","templated":true}]}}