{"id":2118,"date":"2022-10-16T11:45:42","date_gmt":"2022-10-16T11:45:42","guid":{"rendered":"https:\/\/manufaktursolutions.qodeinteractive.com\/?page_id=2118"},"modified":"2025-02-04T10:12:36","modified_gmt":"2025-02-04T10:12:36","slug":"kurumsal","status":"publish","type":"page","link":"https:\/\/www.aksarunflat.com.tr\/en\/kurumsal\/","title":{"rendered":"Corporate"},"content":{"rendered":"<div data-elementor-type=\"wp-page\" data-elementor-id=\"2118\" class=\"elementor elementor-2118\">\n\t\t\t\t\t\t<section class=\"elementor-section elementor-top-section elementor-element elementor-element-8ab5842 elementor-section-full_width qodef-elementor-content-grid elementor-section-height-default elementor-section-height-default\" data-id=\"8ab5842\" data-element_type=\"section\" data-e-type=\"section\" data-settings=\"{&quot;background_background&quot;:&quot;classic&quot;}\">\n\t\t\t\t\t\t<div class=\"elementor-container elementor-column-gap-default\">\n\t\t\t\t\t<div class=\"elementor-column elementor-col-100 elementor-top-column elementor-element elementor-element-21a0e6d\" data-id=\"21a0e6d\" data-element_type=\"column\" data-e-type=\"column\">\n\t\t\t<div class=\"elementor-widget-wrap elementor-element-populated\">\n\t\t\t\t\t\t<div class=\"elementor-element elementor-element-944df47 elementor-widget elementor-widget-manufaktursolutions_core_section_title\" data-id=\"944df47\" data-element_type=\"widget\" data-e-type=\"widget\" data-widget_type=\"manufaktursolutions_core_section_title.default\">\n\t\t\t\t<div class=\"elementor-widget-container\">\n\t\t\t\t\t<div class=\"qodef-shortcode qodef-m  qodef-section-title qodef-alignment--left\">\n\t\t\t<h1 class=\"qodef-m-title\" style=\"color: #FFFFFF\">\n\t\t\t\t\tSecurity and<br \/> Leading Solutions in Resilience\t\t\t<\/h1>\n\t\t<\/div>\n\t\t\t\t<\/div>\n\t\t\t\t<\/div>\n\t\t\t\t\t<\/div>\n\t\t<\/div>\n\t\t\t\t\t<\/div>\n\t\t<\/section>\n\t\t\t\t<section class=\"elementor-section elementor-top-section elementor-element elementor-element-681c709 elementor-section-full_width elementor-section-height-default elementor-section-height-default qodef-elementor-content-no\" data-id=\"681c709\" data-element_type=\"section\" data-e-type=\"section\" data-settings=\"{&quot;background_background&quot;:&quot;gradient&quot;}\">\n\t\t\t\t\t\t<div class=\"elementor-container elementor-column-gap-default\">\n\t\t\t\t\t<div class=\"elementor-column elementor-col-100 elementor-top-column elementor-element elementor-element-a88a573\" data-id=\"a88a573\" data-element_type=\"column\" data-e-type=\"column\" data-settings=\"{&quot;background_background&quot;:&quot;classic&quot;}\">\n\t\t\t<div class=\"elementor-widget-wrap elementor-element-populated\">\n\t\t\t\t\t\t<div class=\"elementor-element elementor-element-247f25c elementor-widget__width-initial elementor-widget elementor-widget-manufaktursolutions_core_section_title\" data-id=\"247f25c\" data-element_type=\"widget\" data-e-type=\"widget\" data-widget_type=\"manufaktursolutions_core_section_title.default\">\n\t\t\t\t<div class=\"elementor-widget-container\">\n\t\t\t\t\t<div class=\"qodef-shortcode qodef-m  qodef-section-title qodef-alignment--left\">\n\t\t<p class=\"qodef-m-highlight-text\" >About Us<\/p>\n\t\t<h2 class=\"qodef-m-title\" style=\"color: #FFFFFF\">\n\t\t\t\t\tHigh Technology Superior<br \/> Endurance Stay Safe with Aksa RunFlat\t\t\t<\/h2>\n\t\t<\/div>\n\t\t\t\t<\/div>\n\t\t\t\t<\/div>\n\t\t\t\t<div class=\"elementor-element elementor-element-d834623 elementor-widget elementor-widget-spacer\" data-id=\"d834623\" data-element_type=\"widget\" data-e-type=\"widget\" data-widget_type=\"spacer.default\">\n\t\t\t\t\t\t\t<div class=\"elementor-spacer\">\n\t\t\t<div class=\"elementor-spacer-inner\"><\/div>\n\t\t<\/div>\n\t\t\t\t\t\t<\/div>\n\t\t\t\t<div class=\"elementor-element elementor-element-5e7353b elementor-widget elementor-widget-text-editor\" data-id=\"5e7353b\" data-element_type=\"widget\" data-e-type=\"widget\" data-widget_type=\"text-editor.default\">\n\t\t\t\t\t\t\t\t\t<p>Aksa RunFlat was established in Ankara in 2011 to meet the strategic needs of the Turkish Defence Industry. Since its establishment, Aksa RunFlat has been operating as a centre of expertise, carrying out design, production and testing processes in-house. Our company, which initially entered the sector with the development of RunFlat systems for TOMA vehicles, has today reached a leading position offering high-tech solutions for all wheeled land vehicles.<br \/>Specialising in the design and production of innovative RunFlat systems for domestic security, public institutions, construction equipment and private (VIP) vehicles as well as Defence Industry projects, Aksa RunFlat not only supplies products, but also provides comprehensive after-sales technical support and installation services to its customers. Our customer-oriented approach is supported by our ability to develop customised apparatus and solutions.<br \/>Superior quality is the fundamental principle of Aksa RunFlat in all business processes. At every stage, from raw material selection to production and testing processes, the most advanced technology and compliance with international standards are observed. Our products are tested with loading test equipment and advanced simulation systems to guarantee their durability and performance.<\/p><p><!-- \/wp:paragraph --><\/p>\t\t\t\t\t\t\t\t<\/div>\n\t\t\t\t\t<\/div>\n\t\t<\/div>\n\t\t\t\t\t<\/div>\n\t\t<\/section>\n\t\t\t\t<section class=\"elementor-section elementor-top-section elementor-element elementor-element-b56aa37 elementor-section-full_width qodef-elementor-content-grid elementor-section-height-default elementor-section-height-default\" data-id=\"b56aa37\" data-element_type=\"section\" data-e-type=\"section\" data-settings=\"{&quot;background_background&quot;:&quot;classic&quot;}\">\n\t\t\t\t\t\t<div class=\"elementor-container elementor-column-gap-default\">\n\t\t\t\t\t<div class=\"elementor-column elementor-col-50 elementor-top-column elementor-element elementor-element-cfe0f6d\" data-id=\"cfe0f6d\" data-element_type=\"column\" data-e-type=\"column\">\n\t\t\t<div class=\"elementor-widget-wrap elementor-element-populated\">\n\t\t\t\t\t\t<div class=\"elementor-element elementor-element-5478aa5 elementor-widget elementor-widget-manufaktursolutions_core_counter\" data-id=\"5478aa5\" data-element_type=\"widget\" data-e-type=\"widget\" data-widget_type=\"manufaktursolutions_core_counter.default\">\n\t\t\t\t<div class=\"elementor-widget-container\">\n\t\t\t\t\t<div class=\"qodef-shortcode qodef-m  qodef-counter qodef-layout--simple\" data-start-digit=\"1\" data-end-digit=\"30000\" data-step-digit=\"150000\" data-digit-label=\"+\">\n\t<div class=\"qodef-m-digit-wrapper\">\n\t\t<span class=\"qodef-m-digit\" style=\"color: #16151B\"><\/span>\n\t<\/div>\n\t<div class=\"qodef-m-content\">\n\t\t\t\t\t<\/div>\n<\/div>\n\t\t\t\t<\/div>\n\t\t\t\t<\/div>\n\t\t\t\t\t<\/div>\n\t\t<\/div>\n\t\t\t\t<div class=\"elementor-column elementor-col-50 elementor-top-column elementor-element elementor-element-f99a08c\" data-id=\"f99a08c\" data-element_type=\"column\" data-e-type=\"column\">\n\t\t\t<div class=\"elementor-widget-wrap elementor-element-populated\">\n\t\t\t\t\t\t<div class=\"elementor-element elementor-element-5b56fbe elementor-widget elementor-widget-manufaktursolutions_core_custom_font\" data-id=\"5b56fbe\" data-element_type=\"widget\" data-e-type=\"widget\" data-widget_type=\"manufaktursolutions_core_custom_font.default\">\n\t\t\t\t<div class=\"elementor-widget-container\">\n\t\t\t\t\t<p class=\"qodef-shortcode qodef-m  qodef-custom-font qodef-custom-font-158 qodef-layout--simple\" style=\"color: #16151B;font-family: Rubik;font-size: 23px;line-height: 30px\">Since the day we were founded, we have maximised the safety of wheeled land vehicles with over 30,000 RunFlat products.<\/p>\n\t\t\t\t<\/div>\n\t\t\t\t<\/div>\n\t\t\t\t\t<\/div>\n\t\t<\/div>\n\t\t\t\t\t<\/div>\n\t\t<\/section>\n\t\t\t\t<section class=\"elementor-section elementor-top-section elementor-element elementor-element-1329848 elementor-section-full_width elementor-section-height-default elementor-section-height-default qodef-elementor-content-no\" data-id=\"1329848\" data-element_type=\"section\" data-e-type=\"section\">\n\t\t\t\t\t\t<div class=\"elementor-container elementor-column-gap-default\">\n\t\t\t\t\t<div class=\"elementor-column elementor-col-100 elementor-top-column elementor-element elementor-element-a1875b9\" data-id=\"a1875b9\" data-element_type=\"column\" data-e-type=\"column\">\n\t\t\t<div class=\"elementor-widget-wrap elementor-element-populated\">\n\t\t\t\t\t\t<div class=\"elementor-element elementor-element-c9611ef elementor-widget elementor-widget-manufaktursolutions_core_text_marquee\" data-id=\"c9611ef\" data-element_type=\"widget\" data-e-type=\"widget\" data-widget_type=\"manufaktursolutions_core_text_marquee.default\">\n\t\t\t\t<div class=\"elementor-widget-container\">\n\t\t\t\t\t<div class=\"qodef-shortcode qodef-m  qodef-text-marquee qodef-text-marquee-406 qodef-layout--default qodef-direction--left\" >\n\t<div class=\"qodef-m-content\" style=\"font-size: 40px;line-height: 53px;letter-spacing: -2px\">\n\t\t<div class=\"qodef-m-content-inner\">\n\t\t\t\t\t\t\t<span class=\"qodef-m-text-1\" style=\"color:#16151B\">\n\t\t\t\t\tResilience\t\t\t\t<\/span>\n\t\t\t\t\t\t\t\t\t\t<span class=\"qodef-m-separator\" style=\"color:#16151B\">\n\t\t\t\t\t.\t\t\t\t<\/span>\n\t\t\t\t\t\t\t\t\t\t<span class=\"qodef-m-text-2\" style=\"color:#16151B\">\n\t\t\t\t\tInnovation\t\t\t\t<\/span>\n\t\t\t\t\t\t\t\t\t\t<span class=\"qodef-m-separator\" style=\"color:#16151B\">\n\t\t\t\t\t.\t\t\t\t<\/span>\n\t\t\t\t\t\t\t\t\t\t<span class=\"qodef-m-text-3\" style=\"color:#16151B\">\n\t\t\t\t\tSecurity\t\t\t\t<\/span>\n\t\t\t\t\t\t\t\t\t\t<span class=\"qodef-m-separator\" style=\"color:#16151B\">\n\t\t\t\t\t.\t\t\t\t<\/span>\n\t\t\t\t\t<\/div>\n\t<\/div>\n<\/div>\n\t\t\t\t<\/div>\n\t\t\t\t<\/div>\n\t\t\t\t\t<\/div>\n\t\t<\/div>\n\t\t\t\t\t<\/div>\n\t\t<\/section>\n\t\t\t\t<section class=\"elementor-section elementor-top-section elementor-element elementor-element-69884a2 elementor-section-full_width qodef-elementor-content-grid elementor-section-height-default elementor-section-height-default\" data-id=\"69884a2\" data-element_type=\"section\" data-e-type=\"section\" data-settings=\"{&quot;background_background&quot;:&quot;classic&quot;}\">\n\t\t\t\t\t\t<div class=\"elementor-container elementor-column-gap-default\">\n\t\t\t\t\t<div class=\"elementor-column elementor-col-100 elementor-top-column elementor-element elementor-element-d4ee60c\" data-id=\"d4ee60c\" data-element_type=\"column\" data-e-type=\"column\">\n\t\t\t<div class=\"elementor-widget-wrap elementor-element-populated\">\n\t\t\t\t\t\t<div class=\"elementor-element elementor-element-430cb7f elementor-widget elementor-widget-manufaktursolutions_core_section_title\" data-id=\"430cb7f\" data-element_type=\"widget\" data-e-type=\"widget\" data-widget_type=\"manufaktursolutions_core_section_title.default\">\n\t\t\t\t<div class=\"elementor-widget-container\">\n\t\t\t\t\t<div class=\"qodef-shortcode qodef-m  qodef-section-title qodef-alignment--left\">\n\t\t<p class=\"qodef-m-highlight-text\" style=\"margin-bottom: 18px\">Quality<\/p>\n\t\t<h3 class=\"qodef-m-title\" style=\"color: #FFFFFF\">\n\t\t\t\t\tDurability and safety guaranteed by state-of-the-art technology\t\t\t<\/h3>\n\t\t<\/div>\n\t\t\t\t<\/div>\n\t\t\t\t<\/div>\n\t\t\t\t\t<\/div>\n\t\t<\/div>\n\t\t\t\t\t<\/div>\n\t\t<\/section>\n\t\t\t\t<\/div>","protected":false},"excerpt":{"rendered":"<p>G\u00fcvenlikte ve Dayan\u0131kl\u0131l\u0131kta Lider \u00c7\u00f6z\u00fcmler Hakk\u0131m\u0131zda Y\u00fcksek Teknoloji \u00dcst\u00fcn Dayan\u0131kl\u0131l\u0131k: Aksa RunFlat ile G\u00fcvende Kal\u0131n Aksa RunFlat, 2011 y\u0131l\u0131nda T\u00fcrk Savunma Sanayii\u2019nin stratejik ihtiya\u00e7lar\u0131n\u0131 kar\u015f\u0131lamak amac\u0131yla Ankara\u2019da kurulmu\u015f olup, kurulu\u015fundan bu yana tasar\u0131m, \u00fcretim ve test s\u00fcre\u00e7lerini kendi b\u00fcnyesinde ger\u00e7ekle\u015ftiren bir uzmanl\u0131k merkezi olarak faaliyet g\u00f6stermektedir. Ba\u015flang\u0131\u00e7ta TOMA ara\u00e7lar\u0131 i\u00e7in RunFlat sistemleri geli\u015ftirme \u00e7al\u0131\u015fmalar\u0131 ile [&hellip;]<\/p>\n","protected":false},"author":1,"featured_media":0,"parent":0,"menu_order":0,"comment_status":"closed","ping_status":"closed","template":"page-full-width.php","meta":{"footnotes":""},"class_list":["post-2118","page","type-page","status-publish","hentry"],"_links":{"self":[{"href":"https:\/\/www.aksarunflat.com.tr\/en\/wp-json\/wp\/v2\/pages\/2118","targetHints":{"allow":["GET"]}}],"collection":[{"href":"https:\/\/www.aksarunflat.com.tr\/en\/wp-json\/wp\/v2\/pages"}],"about":[{"href":"https:\/\/www.aksarunflat.com.tr\/en\/wp-json\/wp\/v2\/types\/page"}],"author":[{"embeddable":true,"href":"https:\/\/www.aksarunflat.com.tr\/en\/wp-json\/wp\/v2\/users\/1"}],"replies":[{"embeddable":true,"href":"https:\/\/www.aksarunflat.com.tr\/en\/wp-json\/wp\/v2\/comments?post=2118"}],"version-history":[{"count":52,"href":"https:\/\/www.aksarunflat.com.tr\/en\/wp-json\/wp\/v2\/pages\/2118\/revisions"}],"predecessor-version":[{"id":9321,"href":"https:\/\/www.aksarunflat.com.tr\/en\/wp-json\/wp\/v2\/pages\/2118\/revisions\/9321"}],"wp:attachment":[{"href":"https:\/\/www.aksarunflat.com.tr\/en\/wp-json\/wp\/v2\/media?parent=2118"}],"curies":[{"name":"wp","href":"https:\/\/api.w.org\/{rel}","templated":true}]}}